{"id":29,"date":"2023-10-03T10:02:35","date_gmt":"2023-10-03T13:02:35","guid":{"rendered":"https:\/\/zaldivar.thtdev.site\/?page_id=29"},"modified":"2024-08-08T14:17:43","modified_gmt":"2024-08-08T17:17:43","slug":"convenios","status":"publish","type":"page","link":"https:\/\/desarrollo.mundolatente.com.ar\/en\/convenios\/","title":{"rendered":"Convenios"},"content":{"rendered":"<section id=\"fila-convenios\" data-row-bg=\"http:\/\/zaldivar.thtdev.site\/wp-content\/uploads\/2023\/10\/Slider-coberturas.png?id=389\" data-bg-image=\"url\" class=\"vc_row hidden-xs hidden-sm vc_custom_1698865573693 liquid-row-shadowbox-69f4c0ae9c265 vc_row-has-fill vc_row-has-bg lqd-has-bg-markup row-bg-appended\"><span class=\"row-bg-loader\"><\/span><div class=\"row-bg-wrap\">\n\t\t<div class=\"row-bg-inner\">\n\t\t\t<figure class=\"row-bg\" ><\/figure>\n\t\t<\/div>\n\t<\/div><div class=\"ld-container container\"><div class=\"row ld-row ld-row-outer\"><div class=\"wpb_column vc_column_container vc_col-sm-6 liquid-column-69f4c0ae9d4e2\"><div class=\"vc_column-inner\" ><div class=\"wpb_wrapper\"  >\n\t<div class=\"wpb_text_column wpb_content_element\" >\n\t\t<div class=\"wpb_wrapper\">\n\t\t\t<p class=\"fwBold fs22 ls22 blanco\">COBERTURAS<\/p>\n\n\t\t<\/div>\n\t<\/div>\n\n\t<div class=\"wpb_text_column wpb_content_element  vc_custom_1698785565515\" >\n\t\t<div class=\"wpb_wrapper\">\n\t\t\t<p class=\"fwBlack fs70 ls0 blanco lh74\">Conoc\u00e9 nuestros convenios<\/p>\n\n\t\t<\/div>\n\t<\/div>\n<\/div><\/div><\/div><div class=\"wpb_column vc_column_container vc_col-sm-6 liquid-column-69f4c0ae9dd41\"><div class=\"vc_column-inner\" ><div class=\"wpb_wrapper\"  >\n\t<div class=\"wpb_text_column wpb_content_element  vc_custom_1698785980347\" >\n\t\t<div class=\"wpb_wrapper\">\n\t\t\t<p class=\"fwRegular fs22 ls0 blanco lh26\">Para poder dar soluciones a las necesidades de nuestra comunidad, se le ofrece una atenci\u00f3n exclusiva y m\u00e1s accesible gracias a las diferentes obras sociales con las que se trabaja.<\/p>\n\n\t\t<\/div>\n\t<\/div>\n<\/div><\/div><\/div><\/div><\/div><\/section><section id=\"fila-convenios-mobile\" data-row-bg=\"http:\/\/zaldivar.thtdev.site\/wp-content\/uploads\/2023\/11\/Coberturas.png?id=435\" data-bg-image=\"url\" class=\"vc_row hidden-md hidden-lg vc_custom_1699021557110 liquid-row-shadowbox-69f4c0ae9e140 vc_row-has-fill vc_row-has-bg lqd-has-bg-markup row-bg-appended\"><span class=\"row-bg-loader\"><\/span><div class=\"row-bg-wrap\">\n\t\t<div class=\"row-bg-inner\">\n\t\t\t<figure class=\"row-bg\" ><\/figure>\n\t\t<\/div>\n\t<\/div><div class=\"ld-container container\"><div class=\"row ld-row ld-row-outer\"><div class=\"wpb_column vc_column_container vc_col-sm-12 liquid-column-69f4c0ae9e463\"><div class=\"vc_column-inner\" ><div class=\"wpb_wrapper\"  >\n\t<div class=\"wpb_text_column wpb_content_element\" >\n\t\t<div class=\"wpb_wrapper\">\n\t\t\t<p class=\"titleCobertura\">COBERTURAS<\/p>\n\n\t\t<\/div>\n\t<\/div>\n\n\t<div class=\"wpb_text_column wpb_content_element\" >\n\t\t<div class=\"wpb_wrapper\">\n\t\t\t<p class=\"subTitleCobertura\">Conoc\u00e9 nuestros convenios<\/p>\n\n\t\t<\/div>\n\t<\/div>\n\n\t<div class=\"wpb_text_column wpb_content_element\" >\n\t\t<div class=\"wpb_wrapper\">\n\t\t\t<p class=\"textCobertura\">Para poder dar soluciones a las necesidades de nuestra comunidad, se le ofrece una atenci\u00f3n exclusiva y m\u00e1s accesible gracias a las diferentes obras sociales con las que se trabaja.<\/p>\n\n\t\t<\/div>\n\t<\/div>\n<\/div><\/div><\/div><\/div><\/div><\/section><section class=\"vc_row vc_custom_1698786475397 liquid-row-shadowbox-69f4c0ae9e9e9\"><div class=\"ld-container container\"><div class=\"row ld-row ld-row-outer\"><div class=\"wpb_column vc_column_container vc_col-sm-12 text-center text-sm-center text-md-center text-lg-center liquid-column-69f4c0ae9ed4a\"><div class=\"vc_column-inner\" ><div class=\"wpb_wrapper\"  >\n\t<div class=\"wpb_text_column wpb_content_element\" >\n\t\t<div class=\"wpb_wrapper\">\n\t\t\t<p class=\"fwBold ls0 griso lh26 fs22 mb10\">Consulta el plan de cada una, al momento de solicitar un turno.<\/p>\n<p class=\"fwBold ls0 griso lh26 fs22 mb0\"><span class=\"fwRegular\">*Consulte seg\u00fan su lugar de residencia.<\/span><\/p>\n\n\t\t<\/div>\n\t<\/div>\n<\/div><\/div><\/div><\/div><\/div><\/section><section class=\"vc_row hidden-xs hidden-sm vc_custom_1698869478239 liquid-row-shadowbox-69f4c0ae9f1a4\"><div class=\"ld-container container\"><div class=\"row ld-row ld-row-outer\"><div class=\"wpb_column vc_column_container vc_col-sm-12 liquid-column-69f4c0ae9f511\"><div class=\"vc_column-inner\" ><div class=\"wpb_wrapper\"  >\n\t<div class=\"wpb_raw_code wpb_content_element wpb_raw_html\" >\n\t\t<div class=\"wpb_wrapper\">\n\t\t\t<div class=\"contenedor-convenios\">\n    <p class=\"convenio\">ASOCIACI\u00d3N ECLESI\u00c1STICA DE SAN PEDRO<\/p>\n    <p class=\"convenio\">ASOCIACI\u00d3N PROFESIONAL DE CAPITANES Y BAQUEANOS FLUVIALES DE LA MARINA MERCANTE<\/p>\n    <p class=\"convenio\">CAJA FORENSE<\/p>\n    <p class=\"convenio\">FEDERADA SALUD<\/p>\n    <p class=\"convenio\">JER\u00c1RQUICOS<\/p>\n    <p class=\"convenio\">MEDICUS<\/p>\n    <p class=\"convenio\">MEDIF\u00c9<\/p>\n    <p class=\"convenio\">OSDE<\/p>\n    <p class=\"convenio\">OSIM<\/p>\n    <p class=\"convenio\">PREVENCI\u00d3N SALUD<\/p>\n    <p class=\"convenio\">SANCOR SALUD<\/p>\n    <p class=\"convenio\">SWISS MEDICAL<\/p>\n    <p class=\"convenio\">20 DE OCTUBRE<\/p>\n<\/div>\n\t\t<\/div>\n\t<\/div>\n\n\t<div class=\"wpb_text_column wpb_content_element\" >\n\t\t<div class=\"wpb_wrapper\">\n\t\t\t    <form method=\"post\" action=\"\" data-trp-original-action=\"\">\n        <label for=\"residencia\">\u00bfPodr\u00eda indicarnos donde Reside?<\/label>\n        <select name=\"residencia\" id=\"residencia\" required>\n            <option value=\"\">Seleccione una provincia<\/option>\n            <option value=\"Buenos Aires\">Buenos Aires<\/option>\n            <option value=\"CABA\">CABA<\/option>\n            <option value=\"C\u00f3rdoba\">C\u00f3rdoba<\/option>\n            <!-- Agrega m\u00e1s provincias seg\u00fan sea necesario -->\n        <\/select>\n        \n        <label for=\"sede\">\u00bfEn qu\u00e9 sede le gustar\u00eda ser atendido?<\/label>\n        <select name=\"sede\" id=\"sede\" required>\n            <option value=\"\">Seleccione una sede<\/option>\n            <option value=\"Sede 1\">Sede 1<\/option>\n            <option value=\"Sede 2\">Sede 2<\/option>\n            <!-- Agrega m\u00e1s sedes seg\u00fan sea necesario -->\n        <\/select>\n        \n        <button type=\"submit\" name=\"buscar\">Iniciar b\u00fasqueda<\/button>\n    <input type=\"hidden\" name=\"trp-form-language\" value=\"en\"\/><\/form>\n    \n\n\t\t<\/div>\n\t<\/div>\n<\/div><\/div><\/div><\/div><\/div><\/section><section id=\"convenios-mobile\" class=\"vc_row hidden-md hidden-lg vc_custom_1698869804181 liquid-row-shadowbox-69f4c0ae9fe2f\"><div class=\"ld-container container\"><div class=\"row ld-row ld-row-outer\"><div class=\"wpb_column vc_column_container vc_col-sm-12 liquid-column-69f4c0aea018e\"><div class=\"vc_column-inner\" ><div class=\"wpb_wrapper\"  >\n\t<div class=\"wpb_raw_code wpb_content_element wpb_raw_html\" >\n\t\t<div class=\"wpb_wrapper\">\n\t\t\t<div class=\"contenedor-convenios\">\n  <p class=\"convenio\">MEDIF\u00c9<\/p>\n  <p class=\"convenio\">SANCOR SALUD<\/p>\n  <p class=\"convenio\">PREVENCI\u00d3N SALUD<\/p>\n  <p class=\"convenio\">MEDICUS<\/p>\n  <p class=\"convenio\">CAJA FORENSE<\/p>\n  <p class=\"convenio\">20 DE OCTUBRE<\/p>\n  <p class=\"convenio\">OSDE<\/p>\n  <p class=\"convenio\">SWISS MEDICAL<\/p>\n  <p class=\"convenio\">FEDERADA SALUD<\/p>\n  <p class=\"convenio\">JER\u00c1RQUICOS<\/p>\n  <p class=\"convenio\">ASOCIACI\u00d3N ECLESI\u00c1STICA DE SAN PEDRO<\/p>\n  <p class=\"convenio\">ASOCIACI\u00d3N PROFESIONAL DE CAPITANES Y BAQUEANOS FLUVIALES DE LA MARINA MERCANTE<\/p>\n  <p class=\"convenio\">OSIM<\/p>\n<\/div>\n\t\t<\/div>\n\t<\/div>\n<\/div><\/div><\/div><\/div><\/div><\/section>","protected":false},"excerpt":{"rendered":"COBERTURAS Conoc\u00e9 nuestros convenios Para poder dar soluciones a las necesidades de nuestra comunidad, se le ofrece una atenci\u00f3n exclusiva y m\u00e1s accesible gracias a las diferentes obras sociales con las que se trabaja. COBERTURAS Conoc\u00e9 nuestros convenios Para poder dar soluciones a las necesidades de nuestra comunidad, se le ofrece una atenci\u00f3n exclusiva y [...]","protected":false},"author":1,"featured_media":0,"parent":0,"menu_order":0,"comment_status":"closed","ping_status":"closed","template":"","meta":{"footnotes":""},"class_list":["post-29","page","type-page","status-publish","hentry"],"yoast_head":"<!-- This site is optimized with the Yoast SEO plugin v23.1 - https:\/\/yoast.com\/wordpress\/plugins\/seo\/ -->\n<title>Convenios - Oftalmolog\u00eda Zaldivar<\/title>\n<meta name=\"robots\" content=\"noindex, follow, max-snippet:-1, max-image-preview:large, max-video-preview:-1\" \/>\n<meta property=\"og:locale\" content=\"en_GB\" \/>\n<meta property=\"og:type\" content=\"article\" \/>\n<meta property=\"og:title\" content=\"Convenios - Oftalmolog\u00eda Zaldivar\" \/>\n<meta property=\"og:url\" content=\"https:\/\/desarrollo.mundolatente.com.ar\/en\/convenios\/\" \/>\n<meta property=\"og:site_name\" content=\"Oftalmolog\u00eda Zaldivar\" \/>\n<meta property=\"article:modified_time\" content=\"2024-08-08T17:17:43+00:00\" \/>\n<meta name=\"twitter:card\" content=\"summary_large_image\" \/>\n<meta name=\"twitter:label1\" content=\"Estimated reading time\" \/>\n\t<meta name=\"twitter:data1\" content=\"2 minutes\" \/>\n<script type=\"application\/ld+json\" class=\"yoast-schema-graph\">{\"@context\":\"https:\/\/schema.org\",\"@graph\":[{\"@type\":\"WebPage\",\"@id\":\"https:\/\/desarrollo.mundolatente.com.ar\/convenios\/\",\"url\":\"https:\/\/desarrollo.mundolatente.com.ar\/convenios\/\",\"name\":\"Convenios - Oftalmolog\u00eda Zaldivar\",\"isPartOf\":{\"@id\":\"https:\/\/desarrollo.mundolatente.com.ar\/#website\"},\"datePublished\":\"2023-10-03T13:02:35+00:00\",\"dateModified\":\"2024-08-08T17:17:43+00:00\",\"breadcrumb\":{\"@id\":\"https:\/\/desarrollo.mundolatente.com.ar\/convenios\/#breadcrumb\"},\"inLanguage\":\"en-GB\",\"potentialAction\":[{\"@type\":\"ReadAction\",\"target\":[\"https:\/\/desarrollo.mundolatente.com.ar\/convenios\/\"]}]},{\"@type\":\"BreadcrumbList\",\"@id\":\"https:\/\/desarrollo.mundolatente.com.ar\/convenios\/#breadcrumb\",\"itemListElement\":[{\"@type\":\"ListItem\",\"position\":1,\"name\":\"Portada\",\"item\":\"https:\/\/desarrollo.mundolatente.com.ar\/\"},{\"@type\":\"ListItem\",\"position\":2,\"name\":\"Convenios\"}]},{\"@type\":\"WebSite\",\"@id\":\"https:\/\/desarrollo.mundolatente.com.ar\/#website\",\"url\":\"https:\/\/desarrollo.mundolatente.com.ar\/\",\"name\":\"Oftalmolog\u00eda Zaldivar\",\"description\":\"\",\"potentialAction\":[{\"@type\":\"SearchAction\",\"target\":{\"@type\":\"EntryPoint\",\"urlTemplate\":\"https:\/\/desarrollo.mundolatente.com.ar\/?s={search_term_string}\"},\"query-input\":\"required name=search_term_string\"}],\"inLanguage\":\"en-GB\"}]}<\/script>\n<!-- \/ Yoast SEO plugin. -->","yoast_head_json":{"title":"Convenios - Oftalmolog\u00eda Zaldivar","robots":{"index":"noindex","follow":"follow","max-snippet":"max-snippet:-1","max-image-preview":"max-image-preview:large","max-video-preview":"max-video-preview:-1"},"og_locale":"en_GB","og_type":"article","og_title":"Convenios - Oftalmolog\u00eda Zaldivar","og_url":"https:\/\/desarrollo.mundolatente.com.ar\/en\/convenios\/","og_site_name":"Oftalmolog\u00eda Zaldivar","article_modified_time":"2024-08-08T17:17:43+00:00","twitter_card":"summary_large_image","twitter_misc":{"Estimated reading time":"2 minutes"},"schema":{"@context":"https:\/\/schema.org","@graph":[{"@type":"WebPage","@id":"https:\/\/desarrollo.mundolatente.com.ar\/convenios\/","url":"https:\/\/desarrollo.mundolatente.com.ar\/convenios\/","name":"Convenios - Oftalmolog\u00eda Zaldivar","isPartOf":{"@id":"https:\/\/desarrollo.mundolatente.com.ar\/#website"},"datePublished":"2023-10-03T13:02:35+00:00","dateModified":"2024-08-08T17:17:43+00:00","breadcrumb":{"@id":"https:\/\/desarrollo.mundolatente.com.ar\/convenios\/#breadcrumb"},"inLanguage":"en-GB","potentialAction":[{"@type":"ReadAction","target":["https:\/\/desarrollo.mundolatente.com.ar\/convenios\/"]}]},{"@type":"BreadcrumbList","@id":"https:\/\/desarrollo.mundolatente.com.ar\/convenios\/#breadcrumb","itemListElement":[{"@type":"ListItem","position":1,"name":"Portada","item":"https:\/\/desarrollo.mundolatente.com.ar\/"},{"@type":"ListItem","position":2,"name":"Convenios"}]},{"@type":"WebSite","@id":"https:\/\/desarrollo.mundolatente.com.ar\/#website","url":"https:\/\/desarrollo.mundolatente.com.ar\/","name":"Oftalmolog\u00eda Zaldivar","description":"","potentialAction":[{"@type":"SearchAction","target":{"@type":"EntryPoint","urlTemplate":"https:\/\/desarrollo.mundolatente.com.ar\/?s={search_term_string}"},"query-input":"required name=search_term_string"}],"inLanguage":"en-GB"}]}},"_links":{"self":[{"href":"https:\/\/desarrollo.mundolatente.com.ar\/en\/wp-json\/wp\/v2\/pages\/29","targetHints":{"allow":["GET"]}}],"collection":[{"href":"https:\/\/desarrollo.mundolatente.com.ar\/en\/wp-json\/wp\/v2\/pages"}],"about":[{"href":"https:\/\/desarrollo.mundolatente.com.ar\/en\/wp-json\/wp\/v2\/types\/page"}],"author":[{"embeddable":true,"href":"https:\/\/desarrollo.mundolatente.com.ar\/en\/wp-json\/wp\/v2\/users\/1"}],"replies":[{"embeddable":true,"href":"https:\/\/desarrollo.mundolatente.com.ar\/en\/wp-json\/wp\/v2\/comments?post=29"}],"version-history":[{"count":30,"href":"https:\/\/desarrollo.mundolatente.com.ar\/en\/wp-json\/wp\/v2\/pages\/29\/revisions"}],"predecessor-version":[{"id":884,"href":"https:\/\/desarrollo.mundolatente.com.ar\/en\/wp-json\/wp\/v2\/pages\/29\/revisions\/884"}],"wp:attachment":[{"href":"https:\/\/desarrollo.mundolatente.com.ar\/en\/wp-json\/wp\/v2\/media?parent=29"}],"curies":[{"name":"wp","href":"https:\/\/api.w.org\/{rel}","templated":true}]}}