{"id":31,"date":"2023-10-03T10:02:54","date_gmt":"2023-10-03T13:02:54","guid":{"rendered":"https:\/\/zaldivar.thtdev.site\/?page_id=31"},"modified":"2023-11-01T15:55:40","modified_gmt":"2023-11-01T18:55:40","slug":"contacto","status":"publish","type":"page","link":"https:\/\/desarrollo.mundolatente.com.ar\/en\/contacto\/","title":{"rendered":"Contacto"},"content":{"rendered":"<section id=\"seccionContacto\" class=\"vc_section\"><section id=\"contactoBanner\" data-row-bg=\"http:\/\/zaldivar.thtdev.site\/wp-content\/uploads\/2023\/10\/slider-contacto.png?id=368\" data-bg-image=\"url\" class=\"vc_row hidden-xs hidden-sm vc_custom_1698864929734 liquid-row-shadowbox-69f4aaf361f22 vc_row-has-fill vc_row-has-bg lqd-has-bg-markup row-bg-appended\"><span class=\"row-bg-loader\"><\/span><div class=\"row-bg-wrap\">\n\t\t<div class=\"row-bg-inner\">\n\t\t\t<figure class=\"row-bg\" ><\/figure>\n\t\t<\/div>\n\t<\/div><div class=\"ld-container container\"><div class=\"row ld-row ld-row-outer\"><div class=\"wpb_column vc_column_container vc_col-sm-12 liquid-column-69f4aaf362dd6\"><div class=\"vc_column-inner\" ><div class=\"wpb_wrapper\"  >\n\t<div class=\"wpb_raw_code wpb_content_element wpb_raw_html contactoBannerClass\" >\n\t\t<div class=\"wpb_wrapper\">\n\t\t\t<p class=\"contactoBannerTitle\">CONTACTO<\/p>\n<p class=\"contactoBannerSubTitle\">\u00bfTen\u00e9s alguna consulta?<\/p>\n\t\t<\/div>\n\t<\/div>\n<\/div><\/div><\/div><\/div><\/div><\/section><\/section><section id=\"seccionContactoMobile\" data-row-bg=\"http:\/\/zaldivar.thtdev.site\/wp-content\/uploads\/2023\/11\/slider-contacto.png?id=424\" style=\"background-position:center center !important;\" data-bg-image=\"url\" class=\"vc_row hidden-md hidden-lg vc_custom_1698855613743 liquid-row-shadowbox-69f4aaf3634ed vc_row-has-fill vc_row-has-bg lqd-has-bg-markup row-bg-appended\"><span class=\"row-bg-loader\"><\/span><div class=\"row-bg-wrap\">\n\t\t<div class=\"row-bg-inner\">\n\t\t\t<figure class=\"row-bg\" ><\/figure>\n\t\t<\/div>\n\t<\/div><div class=\"ld-container container\"><div class=\"row ld-row ld-row-outer\"><div class=\"wpb_column vc_column_container vc_col-sm-12 liquid-column-69f4aaf363817\"><div class=\"vc_column-inner\" ><div class=\"wpb_wrapper\"  >\n\t<div class=\"wpb_raw_code wpb_content_element wpb_raw_html contactoBannerClassMobile\" >\n\t\t<div class=\"wpb_wrapper\">\n\t\t\t<p class=\"contactoBannerTitleMobile\">CONTACTO<\/p>\n<p class=\"contactoBannerSubTitleMobile\">\u00bfTen\u00e9s alguna consulta?<\/p>\n\t\t<\/div>\n\t<\/div>\n<\/div><\/div><\/div><\/div><\/div><\/section><section id=\"segundaSeccionContacto\" class=\"vc_section\"><section id=\"FooterContactoBanner-blanco\" data-bg-image=\"url\" class=\"vc_row vc_custom_1698854406630 liquid-row-shadowbox-69f4aaf363d2e vc_row-has-fill vc_row-has-bg\"><div class=\"ld-container container\"><div class=\"row ld-row ld-row-outer\"><div class=\"wpb_column vc_column_container vc_col-sm-12 liquid-column-69f4aaf363f79\"><div class=\"vc_column-inner\" ><div class=\"wpb_wrapper\"  ><\/div><\/div><\/div><\/div><\/div><\/section><section id=\"FooterContactoBanner-gris\" data-bg-image=\"url\" class=\"vc_row vc_custom_1698854454899 liquid-row-shadowbox-69f4aaf3640f7 vc_row-has-fill vc_row-has-bg\"><div class=\"ld-container container\"><div class=\"row ld-row ld-row-outer\"><div class=\"wpb_column vc_column_container vc_col-sm-12 liquid-column-69f4aaf3642aa\"><div class=\"vc_column-inner\" ><div class=\"wpb_wrapper\"  ><\/div><\/div><\/div><\/div><\/div><\/section><section id=\"fila-form\" class=\"vc_row vc_custom_1698852268534 liquid-row-shadowbox-69f4aaf364406\"><div class=\"ld-container container\"><div class=\"row ld-row ld-row-outer\"><div class=\"wpb_column vc_column_container vc_col-sm-12 text-center text-sm-center text-md-center text-lg-center liquid-column-69f4aaf364614\" id=\"col-form\"><div class=\"vc_column-inner\" ><div class=\"wpb_wrapper\"  ><div id=\"ld_cf7_69f4aaf364741\" class=\"lqd-contact-form ld_cf7_69f4aaf364741\">\n\t\n<div class=\"wpcf7 no-js\" id=\"wpcf7-f9-o1\" lang=\"es-ES\" dir=\"ltr\">\n<div class=\"screen-reader-response\"><p role=\"status\" aria-live=\"polite\" aria-atomic=\"true\"><\/p> <ul><\/ul><\/div>\n<form action=\"\/en\/wp-json\/wp\/v2\/pages\/31#wpcf7-f9-o1\" method=\"post\" class=\"wpcf7-form init cf7mls-no-scroll cf7mls-auto-return-first-step cf7mls-no-moving-animation\" aria-label=\"Formulario de contacto\" novalidate=\"novalidate\" data-status=\"init\" data-trp-original-action=\"\/en\/wp-json\/wp\/v2\/pages\/31#wpcf7-f9-o1\">\n<div style=\"display: none;\">\n<input type=\"hidden\" name=\"_wpcf7\" value=\"9\" \/>\n<input type=\"hidden\" name=\"_wpcf7_version\" value=\"5.9.8\" \/>\n<input type=\"hidden\" name=\"_wpcf7_locale\" value=\"es_ES\" \/>\n<input type=\"hidden\" name=\"_wpcf7_unit_tag\" value=\"wpcf7-f9-o1\" \/>\n<input type=\"hidden\" name=\"_wpcf7_container_post\" value=\"0\" \/>\n<input type=\"hidden\" name=\"_wpcf7_posted_data_hash\" value=\"\" \/>\n<\/div>\n<div class=\"fieldset-cf7mls-wrapper\" data-transition-effects><fieldset class=\"fieldset-cf7mls cf7mls_current_fs\"><div id=\"contenedor-form\">\n\t<div>\n\t\t<p class=\"azul fs28 ls28 ffLato fwBold mb15\">SOLICIT\u00c1 TU TURNO*\n\t\t<\/p>\n\t\t<p class=\"ffLato fwBold fs22 ls0 azul\">Te responderemos a la brevedad.\n\t\t<\/p>\n\t<\/div>\n\t<div id=\"formulario-home\">\n\t\t<div class=\"form-col1\">\n\t\t\t<p><label>Nombre y Apellido*<br \/>\n<input type=\"text\" name=\"your-name\" required \/><br \/>\n<\/label>\n\t\t\t<\/p>\n\t\t\t<p><label>Email*<br \/>\n<input type=\"email\" name=\"your-email\" required \/><br \/>\n<\/label>\n\t\t\t<\/p>\n\t\t\t<p><label>Tel\u00e9fono*<\/label><br \/>\n<input list=\"prefijos\" id=\"numero\" name=\"numero\" placeholder=\"Seleccione un prefijo\" \/><br \/>\n<datalist id=\"prefijos\"><br \/>\n<option value=\"+54\">\n <\/option><option value=\"+2999\">\n <\/option><\/datalist>\n\t\t\t<\/p>\n\t\t\t<p><label>Consulta sobre*<br \/>\n<select name=\"consulta\" required>\n <option value=\"Sin diagn\u00f3stico\">Sin diagn\u00f3stico<\/option>\n <option value=\"Refractiva\">Refractiva<\/option>\n <option value=\"Glaucoma\">Glaucoma<\/option>\n <option value=\"C\u00f3rnea\">C\u00f3rnea<\/option>\n <option value=\"Ojo Seco\">Ojo Seco<\/option>\n <option value=\"Oculoplastia\">Oculoplastia<\/option>\n <option value=\"Ni\u00f1ez y Adolescencia\">Ni\u00f1ez y Adolescencia<\/option>\n <\/select><br \/>\n<\/label>\n\t\t\t<\/p>\n\t\t<\/div>\n\t\t<div class=\"form-col2\">\n\t\t\t<p><label>Edad*<br \/>\n<input type=\"text\" name=\"edad\" required \/><br \/>\n<\/label>\n\t\t\t<\/p>\n\t\t\t<p><label>DNI*<br \/>\n<input type=\"text\" name=\"dni\" required \/><br \/>\n<\/label>\n\t\t\t<\/p>\n\t\t\t<p><label>Provincia*<br \/>\n<select name=\"provincia\" required>\n <option value=\"\" disabled selected>Seleccione una provincia<\/option>\n <option value=\"Buenos Aires\">Buenos Aires<\/option>\n <option value=\"Catamarca\">Catamarca<\/option>\n <option value=\"Chaco\">Chaco<\/option>\n <option value=\"Chubut\">Chubut<\/option>\n <option value=\"C\u00f3rdoba\">C\u00f3rdoba<\/option>\n <option value=\"Corrientes\">Corrientes<\/option>\n <option value=\"Entre R\u00edos\">Entre R\u00edos<\/option>\n <option value=\"Formosa\">Formosa<\/option>\n <option value=\"Jujuy\">Jujuy<\/option>\n <option value=\"La Pampa\">La Pampa<\/option>\n <option value=\"La Rioja\">La Rioja<\/option>\n <option value=\"Mendoza\">Mendoza<\/option>\n <option value=\"Misiones\">Misiones<\/option>\n <option value=\"Neuqu\u00e9n\">Neuqu\u00e9n<\/option>\n <option value=\"R\u00edo Negro\">R\u00edo Negro<\/option>\n <option value=\"Salta\">Salta<\/option>\n <option value=\"San Juan\">San Juan<\/option>\n <option value=\"San Luis\">San Luis<\/option>\n <option value=\"Santa Cruz\">Santa Cruz<\/option>\n <option value=\"Santa Fe\">Santa Fe<\/option>\n <option value=\"Santiago del Estero\">Santiago del Estero<\/option>\n <option value=\"Tierra del Fuego\">Tierra del Fuego<\/option>\n <option value=\"Tucum\u00e1n\">Tucum\u00e1n<\/option>\n <option value=\"Otras\">Otras-Ninguna de las anteriores<\/option>\n <\/select><br \/>\n<\/label>\n\t\t\t<\/p>\n\t\t\t<p><label>Pa\u00eds*<br \/>\n<input type=\"text\" name=\"pais\" value=\"Argentina\" readonly \/><br \/>\n<\/label>\n\t\t\t<\/p>\n\t\t<\/div>\n\t<\/div>\n\t<p class=\"respondemos\">*Respondemos cualquier consulta que tengas: sobre coberturas m\u00e9dicas, valores u otra duda que necesites resolver.\n\t<\/p>\n<\/div>\n<div class=\"cf7mls-btns\"><button type=\"button\" class=\"cf7mls_next cf7mls_btn action-button\" name=\"cf7mls_next\" id=\"cf7mls-next-btn-cf7mls_step-1\">Siguiente<img decoding=\"async\" src=\"https:\/\/desarrollo.mundolatente.com.ar\/wp-content\/plugins\/cf7-multi-step\/assets\/frontend\/img\/loader.svg\" alt=\"Step Loading\" data-lazy-src=\"https:\/\/desarrollo.mundolatente.com.ar\/wp-content\/plugins\/cf7-multi-step\/assets\/frontend\/img\/loader.svg\" style=\"display: none;\" \/><\/button><\/div><p><\/p><\/fieldset><fieldset class=\"fieldset-cf7mls\">\n<\/p>\n<div id=\"formulario-home2\">\n\t<div>\n\t\t<p class=\"azul fs28 ls28 ffLato fwBold mb15\">SOLICIT\u00c1 TU TURNO*\n\t\t<\/p>\n\t\t<p class=\"ffLato fwBold fs22 ls0 azul mb55\">Te responderemos a la brevedad.\n\t\t<\/p>\n\t<\/div>\n\t<p><label>Consulta sobre*<br \/>\n<span class=\"wpcf7-form-control-wrap\" data-name=\"consulta2\"><select class=\"wpcf7-form-control wpcf7-select wpcf7-validates-as-required\" aria-required=\"true\" aria-invalid=\"false\" name=\"consulta2\"><option value=\"Solicitar informaci\u00f3n\">Solicitar informaci\u00f3n<\/option><option value=\"Agendar fecha de cirug\u00eda\">Agendar fecha de cirug\u00eda<\/option><option value=\"Solicitar turno de consulta\">Solicitar turno de consulta<\/option><option value=\"Cancelar turno        de        consulta\">Cancelar turno\n        de\n        consulta<\/option><option value=\"Reagendar turno de consulta\">Reagendar turno de consulta<\/option><option value=\"Solicitar historia cl\u00ednica\">Solicitar historia cl\u00ednica<\/option><option value=\"Realizar consulta t\u00e9cnica\">Realizar consulta t\u00e9cnica<\/option><\/select><\/span><br \/>\n<\/label>\n\t<\/p>\n\t<p><label>Horario de contacto*<br \/>\n<span class=\"wpcf7-form-control-wrap\" data-name=\"horario\"><select class=\"wpcf7-form-control wpcf7-select wpcf7-validates-as-required\" aria-required=\"true\" aria-invalid=\"false\" name=\"horario\"><option value=\"Ma\u00f1ana\">Ma\u00f1ana<\/option><option value=\"Tarde\">Tarde<\/option><\/select><\/span><br \/>\n<\/label>\n\t<\/p>\n\t<p><label>Mensaje...*<br \/>\n<span class=\"wpcf7-form-control-wrap\" data-name=\"mensaje\"><textarea cols=\"40\" rows=\"10\" maxlength=\"2000\" class=\"wpcf7-form-control wpcf7-textarea wpcf7-validates-as-required\" aria-required=\"true\" aria-invalid=\"false\" name=\"mensaje\"><\/textarea><\/span><br \/>\n<\/label>\n\t<\/p>\n\t<p><input class=\"wpcf7-form-control wpcf7-submit has-spinner\" id=\"boton-form\" type=\"submit\" value=\"Enviar\" \/>\n\t<\/p>\n<\/div>\n<div class=\"cf7mls-btns\"><button type=\"button\" class=\"cf7mls_back action-button\" name=\"cf7mls_back\" id=\"cf7mls-back-btn-cf7mls_step-2\">Anterior<\/button><button type=\"button\" style=\"display: none;\" class=\"cf7mls_next cf7mls_btn action-button\" name=\"cf7mls_next\" id=\"cf7mls-next-btn-cf7mls_step-2\"><img decoding=\"async\" src=\"https:\/\/desarrollo.mundolatente.com.ar\/wp-content\/plugins\/cf7-multi-step\/assets\/frontend\/img\/loader.svg\" alt=\"Step Loading\" data-lazy-src=\"https:\/\/desarrollo.mundolatente.com.ar\/wp-content\/plugins\/cf7-multi-step\/assets\/frontend\/img\/loader.svg\" style=\"display: none;\" \/><\/button>\n<\/p><\/fieldset><\/div><div class=\"wpcf7-response-output\" aria-hidden=\"true\"><\/div>\n<input type=\"hidden\" name=\"trp-form-language\" value=\"en\"\/><\/form>\n<\/div>\n<\/div><\/div><\/div><\/div><\/div><\/div><\/section><\/section>","protected":false},"excerpt":{"rendered":"CONTACTO \u00bfTen\u00e9s alguna consulta? CONTACTO \u00bfTen\u00e9s alguna consulta? SOLICIT\u00c1 TU TURNO* Te responderemos a la brevedad. Nombre y Apellido* Email* Tel\u00e9fono* Consulta sobre* Sin diagn\u00f3stico Refractiva Glaucoma C\u00f3rnea Ojo Seco Oculoplastia Ni\u00f1ez y Adolescencia Edad* DNI* Provincia* Seleccione una provincia Buenos Aires Catamarca Chaco Chubut C\u00f3rdoba Corrientes Entre R\u00edos Formosa Jujuy La Pampa La Rioja [...]","protected":false},"author":1,"featured_media":0,"parent":0,"menu_order":0,"comment_status":"closed","ping_status":"closed","template":"","meta":{"footnotes":""},"class_list":["post-31","page","type-page","status-publish","hentry"],"yoast_head":"<!-- This site is optimized with the Yoast SEO plugin v23.1 - https:\/\/yoast.com\/wordpress\/plugins\/seo\/ -->\n<title>Contacto - Oftalmolog\u00eda Zaldivar<\/title>\n<meta name=\"robots\" content=\"noindex, follow, max-snippet:-1, max-image-preview:large, max-video-preview:-1\" \/>\n<meta property=\"og:locale\" content=\"en_GB\" \/>\n<meta property=\"og:type\" content=\"article\" \/>\n<meta property=\"og:title\" content=\"Contacto - Oftalmolog\u00eda Zaldivar\" \/>\n<meta property=\"og:url\" content=\"https:\/\/desarrollo.mundolatente.com.ar\/en\/contacto\/\" \/>\n<meta property=\"og:site_name\" content=\"Oftalmolog\u00eda Zaldivar\" \/>\n<meta property=\"article:modified_time\" content=\"2023-11-01T18:55:40+00:00\" \/>\n<meta name=\"twitter:card\" content=\"summary_large_image\" \/>\n<meta name=\"twitter:label1\" content=\"Estimated reading time\" \/>\n\t<meta name=\"twitter:data1\" content=\"1 minute\" \/>\n<script type=\"application\/ld+json\" class=\"yoast-schema-graph\">{\"@context\":\"https:\/\/schema.org\",\"@graph\":[{\"@type\":\"WebPage\",\"@id\":\"https:\/\/desarrollo.mundolatente.com.ar\/contacto\/\",\"url\":\"https:\/\/desarrollo.mundolatente.com.ar\/contacto\/\",\"name\":\"Contacto - Oftalmolog\u00eda Zaldivar\",\"isPartOf\":{\"@id\":\"https:\/\/desarrollo.mundolatente.com.ar\/#website\"},\"datePublished\":\"2023-10-03T13:02:54+00:00\",\"dateModified\":\"2023-11-01T18:55:40+00:00\",\"breadcrumb\":{\"@id\":\"https:\/\/desarrollo.mundolatente.com.ar\/contacto\/#breadcrumb\"},\"inLanguage\":\"en-GB\",\"potentialAction\":[{\"@type\":\"ReadAction\",\"target\":[\"https:\/\/desarrollo.mundolatente.com.ar\/contacto\/\"]}]},{\"@type\":\"BreadcrumbList\",\"@id\":\"https:\/\/desarrollo.mundolatente.com.ar\/contacto\/#breadcrumb\",\"itemListElement\":[{\"@type\":\"ListItem\",\"position\":1,\"name\":\"Portada\",\"item\":\"https:\/\/desarrollo.mundolatente.com.ar\/\"},{\"@type\":\"ListItem\",\"position\":2,\"name\":\"Contacto\"}]},{\"@type\":\"WebSite\",\"@id\":\"https:\/\/desarrollo.mundolatente.com.ar\/#website\",\"url\":\"https:\/\/desarrollo.mundolatente.com.ar\/\",\"name\":\"Oftalmolog\u00eda Zaldivar\",\"description\":\"\",\"potentialAction\":[{\"@type\":\"SearchAction\",\"target\":{\"@type\":\"EntryPoint\",\"urlTemplate\":\"https:\/\/desarrollo.mundolatente.com.ar\/?s={search_term_string}\"},\"query-input\":\"required name=search_term_string\"}],\"inLanguage\":\"en-GB\"}]}<\/script>\n<!-- \/ Yoast SEO plugin. -->","yoast_head_json":{"title":"Contacto - Oftalmolog\u00eda Zaldivar","robots":{"index":"noindex","follow":"follow","max-snippet":"max-snippet:-1","max-image-preview":"max-image-preview:large","max-video-preview":"max-video-preview:-1"},"og_locale":"en_GB","og_type":"article","og_title":"Contacto - Oftalmolog\u00eda Zaldivar","og_url":"https:\/\/desarrollo.mundolatente.com.ar\/en\/contacto\/","og_site_name":"Oftalmolog\u00eda Zaldivar","article_modified_time":"2023-11-01T18:55:40+00:00","twitter_card":"summary_large_image","twitter_misc":{"Estimated reading time":"1 minute"},"schema":{"@context":"https:\/\/schema.org","@graph":[{"@type":"WebPage","@id":"https:\/\/desarrollo.mundolatente.com.ar\/contacto\/","url":"https:\/\/desarrollo.mundolatente.com.ar\/contacto\/","name":"Contacto - Oftalmolog\u00eda Zaldivar","isPartOf":{"@id":"https:\/\/desarrollo.mundolatente.com.ar\/#website"},"datePublished":"2023-10-03T13:02:54+00:00","dateModified":"2023-11-01T18:55:40+00:00","breadcrumb":{"@id":"https:\/\/desarrollo.mundolatente.com.ar\/contacto\/#breadcrumb"},"inLanguage":"en-GB","potentialAction":[{"@type":"ReadAction","target":["https:\/\/desarrollo.mundolatente.com.ar\/contacto\/"]}]},{"@type":"BreadcrumbList","@id":"https:\/\/desarrollo.mundolatente.com.ar\/contacto\/#breadcrumb","itemListElement":[{"@type":"ListItem","position":1,"name":"Portada","item":"https:\/\/desarrollo.mundolatente.com.ar\/"},{"@type":"ListItem","position":2,"name":"Contacto"}]},{"@type":"WebSite","@id":"https:\/\/desarrollo.mundolatente.com.ar\/#website","url":"https:\/\/desarrollo.mundolatente.com.ar\/","name":"Oftalmolog\u00eda Zaldivar","description":"","potentialAction":[{"@type":"SearchAction","target":{"@type":"EntryPoint","urlTemplate":"https:\/\/desarrollo.mundolatente.com.ar\/?s={search_term_string}"},"query-input":"required name=search_term_string"}],"inLanguage":"en-GB"}]}},"_links":{"self":[{"href":"https:\/\/desarrollo.mundolatente.com.ar\/en\/wp-json\/wp\/v2\/pages\/31","targetHints":{"allow":["GET"]}}],"collection":[{"href":"https:\/\/desarrollo.mundolatente.com.ar\/en\/wp-json\/wp\/v2\/pages"}],"about":[{"href":"https:\/\/desarrollo.mundolatente.com.ar\/en\/wp-json\/wp\/v2\/types\/page"}],"author":[{"embeddable":true,"href":"https:\/\/desarrollo.mundolatente.com.ar\/en\/wp-json\/wp\/v2\/users\/1"}],"replies":[{"embeddable":true,"href":"https:\/\/desarrollo.mundolatente.com.ar\/en\/wp-json\/wp\/v2\/comments?post=31"}],"version-history":[{"count":20,"href":"https:\/\/desarrollo.mundolatente.com.ar\/en\/wp-json\/wp\/v2\/pages\/31\/revisions"}],"predecessor-version":[{"id":430,"href":"https:\/\/desarrollo.mundolatente.com.ar\/en\/wp-json\/wp\/v2\/pages\/31\/revisions\/430"}],"wp:attachment":[{"href":"https:\/\/desarrollo.mundolatente.com.ar\/en\/wp-json\/wp\/v2\/media?parent=31"}],"curies":[{"name":"wp","href":"https:\/\/api.w.org\/{rel}","templated":true}]}}