{"id":592,"date":"2023-11-03T10:40:57","date_gmt":"2023-11-03T13:40:57","guid":{"rendered":"https:\/\/zaldivar.thtdev.site\/?page_id=592"},"modified":"2023-11-06T16:41:15","modified_gmt":"2023-11-06T19:41:15","slug":"glaucoma","status":"publish","type":"page","link":"https:\/\/desarrollo.mundolatente.com.ar\/en\/glaucoma\/","title":{"rendered":"Glaucoma"},"content":{"rendered":"<section id=\"seccion-especialidades\" class=\"vc_row liquid-row-shadowbox-6a06d8a20ed3e\"><div class=\"ld-container container\"><div class=\"row ld-row ld-row-outer\"><div class=\"wpb_column vc_column_container vc_col-sm-12 liquid-column-6a06d8a20ff66\"><div class=\"vc_column-inner\" ><div class=\"wpb_wrapper\"  >\n\t<div class=\"wpb_text_column wpb_content_element  fs70 lhNormal azul ffLato fwBlack mb30\" >\n\t\t<div class=\"wpb_wrapper\">\n\t\t\tGlaucoma\n\n\t\t<\/div>\n\t<\/div>\n\n\t<div  class=\"wpb_single_image wpb_content_element vc_align_   mb15 liquid_vc_single_image-6a06d8a212ed9\">\n\t\t\n\t\t<figure class=\"wpb_wrapper vc_figure\">\n\t\t\t<div class=\"vc_single_image-wrapper    vc_custom_1699018613373\"><img decoding=\"async\" width=\"740\" height=\"414\" src=\"https:\/\/iz-imagenes.s3.amazonaws.com\/Web Zaldivar 2024\/wp-content\/uploads\/2023\/11\/24142556\/glaucoma-img.png\" class=\"vc_single_image-img attachment-full\" alt=\"Glaucoma\" title=\"glaucoma-img\" srcset=\"https:\/\/iz-imagenes.s3.amazonaws.com\/Web%20Zaldivar%202024\/wp-content\/uploads\/2023\/11\/24142556\/glaucoma-img.png 740w, https:\/\/iz-imagenes.s3.amazonaws.com\/Web%20Zaldivar%202024\/wp-content\/uploads\/2023\/11\/24142556\/glaucoma-img-300x168.png 300w, https:\/\/iz-imagenes.s3.amazonaws.com\/Web%20Zaldivar%202024\/wp-content\/uploads\/2023\/11\/24142556\/glaucoma-img-18x10.png 18w\" sizes=\"(max-width: 740px) 100vw, 740px\" itemprop=\"image\" \/><\/div>\n\t\t<\/figure>\n\t<\/div>\n\n\t<div class=\"wpb_text_column wpb_content_element  fs18 lh22 gris ffLato fwBold mb55\" >\n\t\t<div class=\"wpb_wrapper\">\n\t\t\t<p>Este departamento est\u00e1 encargado de tratar el Glaucoma, que es cuando se presenta presi\u00f3n dentro del ojo y se eleva por encima de lo normal. Si bien hay muchas causas, lo m\u00e1s com\u00fan es que ocurra por una obstrucci\u00f3n de drenaje del humor acuoso: el l\u00edquido que se encuentra dentro del ojo y le confiere su tonicidad.<\/p>\n\n\t\t<\/div>\n\t<\/div>\n<style>.acordeonEspecialidades .accordion-content{background:rgb(255, 255, 255);}.acordeonEspecialidades .accordion-title a{background:rgb(255, 255, 255);}.acordeonEspecialidades .accordion-item.active .accordion-title a{background:rgb(255, 255, 255);}<\/style><div class=\"accordion accordion-sm accordion-active-has-fill accordion-content-has-fill acordeonEspecialidades\" id=\"acordeonEspecialidades\"\n     role=\"tablist\" aria-multiselectable=\"true\">\n\n\t            <div class=\"accordion-item panel\">\n\n                <div class=\"accordion-heading\" role=\"tab\" id=\"heading_lqd-1698932665251-01fa443a-73e0\" data-id=\"lqd-1698932665251-01fa443a-73e0\">\n                    <p class=\"accordion-title\" data-controls=\"lqd-1698932665251-01fa443a-73e0\" tabindex=\"-1\">\n                        <a tabindex=\"0\" class=\"collapsed\" data-toggle=\"collapse\"  data-bs-toggle=\"collapse\"\n                           data-parent=\"#acordeonEspecialidades\" data-bs-parent=\"#acordeonEspecialidades\" href=\"#lqd-1698932665251-01fa443a-73e0\" data-bs-target=\"#lqd-1698932665251-01fa443a-73e0\"\n                           aria-expanded=\"false\" aria-controls=\"lqd-1698932665251-01fa443a-73e0\">\n\n\t\t\t\t\t\t\t\n\t\t\t\t\t\t\t\u00bfQU\u00c9 ES EL GLAUCOMA?\n\t\t\t\t\t\t\t                                <span class=\"accordion-expander\">\n\t\t\t\t\t\t\t\t\t\t\t\t\t\t\t\t\t\t\t<i class=\"fas fa-angle-down\"><\/i>\n\t\t\t\t\t\t\t\t\t\n\t\t\t\t\t\t\t\t\t\t\t\t\t\t\t\t\t\t\t<i class=\"fas fa-angle-up\"><\/i>\n\t\t\t\t\t\t\t\t\t\t\t\t\t\t\t\t\t<\/span>\n\t\t\t\t\t\t\t\n                        <\/a>\n\n                    <\/p>\n                <\/div>\n\n                <div id=\"lqd-1698932665251-01fa443a-73e0\" class=\"accordion-collapse collapse\"\n                    data-bs-parent=\"#acordeonEspecialidades\" role=\"tabpanel\" aria-labelledby=\"heading_lqd-1698932665251-01fa443a-73e0\">\n                    <div class=\"accordion-content\">\n\t\t\t\t\t\t\n\t<div class=\"wpb_text_column wpb_content_element  fs18 lh22 gris ffLato fwRegular mb30\" >\n\t\t<div class=\"wpb_wrapper\">\n\t\t\t<p>El glaucoma puede afectar a las personas de todas las edades, desde los beb\u00e9s hasta los adultos mayores. Aunque todos estamos a riesgo, las personas con mayor riesgo para el glaucoma son los mayores de 60 a\u00f1os, los parientes de personas con glaucoma, las personas de ascendencia africana, los diab\u00e9ticos, los que usan esteroides de manera prolongada y las personas con presi\u00f3n intraocular elevada (hipertensos oculares).<\/p>\n<p>Los investigadores y los m\u00e9dicos todav\u00eda no est\u00e1n seguros de por qu\u00e9 los canales de drenaje del ojo dejan de funcionar correctamente. Lo que s\u00ed sabemos es que el glaucoma no se desarrolla por leer mucho, leer con poca luz, por la dieta, por usar lentes de contacto, ni por otras actividades cotidianas.Tambi\u00e9n sabemos que el glaucoma no es contagioso ni amenaza la vida y rara vez causa ceguera si se detecta a tiempo y se trata correctamente.<\/p>\n<p>La p\u00e9rdida de visi\u00f3n causada por el glaucoma es irreversible, pero si se detecta a tiempo y se sigue un tratamiento con cuidado y constancia, se puede conservar la visi\u00f3n. Por lo general, el glaucoma se puede controlar con medicamentos o cirug\u00eda. Si se le diagnostica esta enfermedad, es importante que siga un plan de tratamiento sin faltas.<\/p>\n\n\t\t<\/div>\n\t<\/div>\n\n\t<div class=\"wpb_text_column wpb_content_element  fs18 lh22 subrayado azul ffLato fwBold mb30\" >\n\t\t<div class=\"wpb_wrapper\">\n\t\t\t<p>Tratamientos<\/p>\n\n\t\t<\/div>\n\t<\/div>\n\n\t<div class=\"wpb_raw_code wpb_content_element wpb_raw_html\" >\n\t\t<div class=\"wpb_wrapper\">\n\t\t\t<div class=\"contenedor-tratamientos\">\n    <a href=\"\" class=\"fs18 lh22 azul ffLato fwRegular mb0\">Cirug\u00eda L\u00e1ser<\/a>\n<\/div>\n\t\t<\/div>\n\t<\/div>\n                    <\/div>\n                <\/div>\n            <\/div>\n\t\t\t            <div class=\"accordion-item panel\">\n\n                <div class=\"accordion-heading\" role=\"tab\" id=\"heading_lqd-1698955519080-89af02ab-39a0\" data-id=\"lqd-1698955519080-89af02ab-39a0\">\n                    <p class=\"accordion-title\" data-controls=\"lqd-1698955519080-89af02ab-39a0\" tabindex=\"-1\">\n                        <a tabindex=\"0\" class=\"collapsed\" data-toggle=\"collapse\"  data-bs-toggle=\"collapse\"\n                           data-parent=\"#acordeonEspecialidades\" data-bs-parent=\"#acordeonEspecialidades\" href=\"#lqd-1698955519080-89af02ab-39a0\" data-bs-target=\"#lqd-1698955519080-89af02ab-39a0\"\n                           aria-expanded=\"false\" aria-controls=\"lqd-1698955519080-89af02ab-39a0\">\n\n\t\t\t\t\t\t\t\n\t\t\t\t\t\t\tOJO CON GLAUCOMA\n\t\t\t\t\t\t\t                                <span class=\"accordion-expander\">\n\t\t\t\t\t\t\t\t\t\t\t\t\t\t\t\t\t\t\t<i class=\"fas fa-angle-down\"><\/i>\n\t\t\t\t\t\t\t\t\t\n\t\t\t\t\t\t\t\t\t\t\t\t\t\t\t\t\t\t\t<i class=\"fas fa-angle-up\"><\/i>\n\t\t\t\t\t\t\t\t\t\t\t\t\t\t\t\t\t<\/span>\n\t\t\t\t\t\t\t\n                        <\/a>\n\n                    <\/p>\n                <\/div>\n\n                <div id=\"lqd-1698955519080-89af02ab-39a0\" class=\"accordion-collapse collapse\"\n                    data-bs-parent=\"#acordeonEspecialidades\" role=\"tabpanel\" aria-labelledby=\"heading_lqd-1698955519080-89af02ab-39a0\">\n                    <div class=\"accordion-content\">\n\t\t\t\t\t\t\n\t<div class=\"wpb_text_column wpb_content_element  fs18 lh22 gris ffLato fwRegular mb30\" >\n\t\t<div class=\"wpb_wrapper\">\n\t\t\t<p>Si el drenaje es adecuado, la presi\u00f3n del ojo se mantiene a un nivel normal. La producci\u00f3n, el flujo y el drenaje de este fluido es un proceso necesario para la salud del ojo, y si este proceso esta en equilibrio la PRESION INTRAOCULAR estar\u00e1 en un rango normal. En cambio si existe alg\u00fan tipo de obstrucci\u00f3n a la salida del humor acuoso, ya sea por un CIERRE DEL ANGULO o un mal funcionamiento del mismo por canales defectuosos la PRESION INTRAOCULAR se elevar\u00e1 por encima de los valores normales.<\/p>\n<p>En otras palabras, en la mayor\u00eda de los tipos de glaucoma, el sistema de drenaje del ojo se tapa y el fluido intraocular no puede drenar. Al acumularse, causa un aumento de presi\u00f3n en el interior del ojo que da\u00f1a al nervio \u00f3ptico que es muy sensible, llevando a la p\u00e9rdida de la visi\u00f3n.<\/p>\n<p>Conforme aumenta la presi\u00f3n del fluido dentro de su ojo, da\u00f1a estas fibras nerviosas que son muy sensibles y empiezan a morir. Al ocurrir esto, el disco \u00f3ptico comienza a hacerse hueco rechazando las fibras del nervio \u00f3ptico, el cual adoptar\u00e1 la forma de copa o curva. Si la presi\u00f3n se mantiene muy alta por demasiado tiempo se puede da\u00f1ar el nervio \u00f3ptico, resultando en p\u00e9rdida de la visi\u00f3n.<\/p>\n<p>Al principio, la retinopat\u00eda diab\u00e9tica puede no causar s\u00edntomas o solamente problemas de visi\u00f3n leves. Eventualmente, sin embargo, la retinopat\u00eda diab\u00e9tica puede causar ceguera siendo una de las principales causas en pa\u00edses desarrollados. La retinopat\u00eda diab\u00e9tica puede desarrollarse en cualquier persona que tenga diabetes tipo 1 o diabetes tipo 2.<\/p>\n\n\t\t<\/div>\n\t<\/div>\n                    <\/div>\n                <\/div>\n            <\/div>\n\t\t\t            <div class=\"accordion-item panel\">\n\n                <div class=\"accordion-heading\" role=\"tab\" id=\"heading_lqd-1698955546843-2584b112-432b\" data-id=\"lqd-1698955546843-2584b112-432b\">\n                    <p class=\"accordion-title\" data-controls=\"lqd-1698955546843-2584b112-432b\" tabindex=\"-1\">\n                        <a tabindex=\"0\" class=\"collapsed\" data-toggle=\"collapse\"  data-bs-toggle=\"collapse\"\n                           data-parent=\"#acordeonEspecialidades\" data-bs-parent=\"#acordeonEspecialidades\" href=\"#lqd-1698955546843-2584b112-432b\" data-bs-target=\"#lqd-1698955546843-2584b112-432b\"\n                           aria-expanded=\"false\" aria-controls=\"lqd-1698955546843-2584b112-432b\">\n\n\t\t\t\t\t\t\t\n\t\t\t\t\t\t\tS\u00cdNTOMAS\n\t\t\t\t\t\t\t                                <span class=\"accordion-expander\">\n\t\t\t\t\t\t\t\t\t\t\t\t\t\t\t\t\t\t\t<i class=\"fas fa-angle-down\"><\/i>\n\t\t\t\t\t\t\t\t\t\n\t\t\t\t\t\t\t\t\t\t\t\t\t\t\t\t\t\t\t<i class=\"fas fa-angle-up\"><\/i>\n\t\t\t\t\t\t\t\t\t\t\t\t\t\t\t\t\t<\/span>\n\t\t\t\t\t\t\t\n                        <\/a>\n\n                    <\/p>\n                <\/div>\n\n                <div id=\"lqd-1698955546843-2584b112-432b\" class=\"accordion-collapse collapse\"\n                    data-bs-parent=\"#acordeonEspecialidades\" role=\"tabpanel\" aria-labelledby=\"heading_lqd-1698955546843-2584b112-432b\">\n                    <div class=\"accordion-content\">\n\t\t\t\t\t\t\n\t<div class=\"wpb_text_column wpb_content_element  fs18 lh22 gris ffLato fwRegular mb30\" >\n\t\t<div class=\"wpb_wrapper\">\n\t\t\t<p>El glaucoma suele estar presente en ambos ojos, pero por lo general la presi\u00f3n intraocular se empieza a acumular primero en uno solo. Este da\u00f1o puede causar cambios graduales en la visi\u00f3n y, posteriormente, p\u00e9rdida de la misma. Con frecuencia, la visi\u00f3n perif\u00e9rica (lateral) se afecta primero, por lo que inicialmente el cambio de su visi\u00f3n suele ser peque\u00f1o y usted no lo nota. Con el tiempo, su visi\u00f3n central tambi\u00e9n se empezar\u00e1 a perder.<\/p>\n<p>Es importante mencionar que no hay s\u00edntomas molestos o dolorosos. En las variedades menos frecuentes de glaucoma los s\u00edntomas pueden ser m\u00e1s severos, e incluye los siguientes:<br \/>\n&#8211; Visi\u00f3n borrosa<br \/>\n&#8211; Dolor de ojos y de cabeza<br \/>\n&#8211; N\u00e1useas y v\u00f3mito<br \/>\n&#8211; La aparici\u00f3n de halos color arcoiris alrededor de las luces brillantes<br \/>\n&#8211; P\u00e9rdida repentina de la visi\u00f3n<\/p>\n\n\t\t<\/div>\n\t<\/div>\n                    <\/div>\n                <\/div>\n            <\/div>\n\t\t\t            <div class=\"accordion-item panel\">\n\n                <div class=\"accordion-heading\" role=\"tab\" id=\"heading_lqd-1698955592229-f854e1d6-e2b9\" data-id=\"lqd-1698955592229-f854e1d6-e2b9\">\n                    <p class=\"accordion-title\" data-controls=\"lqd-1698955592229-f854e1d6-e2b9\" tabindex=\"-1\">\n                        <a tabindex=\"0\" class=\"collapsed\" data-toggle=\"collapse\"  data-bs-toggle=\"collapse\"\n                           data-parent=\"#acordeonEspecialidades\" data-bs-parent=\"#acordeonEspecialidades\" href=\"#lqd-1698955592229-f854e1d6-e2b9\" data-bs-target=\"#lqd-1698955592229-f854e1d6-e2b9\"\n                           aria-expanded=\"false\" aria-controls=\"lqd-1698955592229-f854e1d6-e2b9\">\n\n\t\t\t\t\t\t\t\n\t\t\t\t\t\t\tDIAGN\u00d3STICO\n\t\t\t\t\t\t\t                                <span class=\"accordion-expander\">\n\t\t\t\t\t\t\t\t\t\t\t\t\t\t\t\t\t\t\t<i class=\"fas fa-angle-down\"><\/i>\n\t\t\t\t\t\t\t\t\t\n\t\t\t\t\t\t\t\t\t\t\t\t\t\t\t\t\t\t\t<i class=\"fas fa-angle-up\"><\/i>\n\t\t\t\t\t\t\t\t\t\t\t\t\t\t\t\t\t<\/span>\n\t\t\t\t\t\t\t\n                        <\/a>\n\n                    <\/p>\n                <\/div>\n\n                <div id=\"lqd-1698955592229-f854e1d6-e2b9\" class=\"accordion-collapse collapse\"\n                    data-bs-parent=\"#acordeonEspecialidades\" role=\"tabpanel\" aria-labelledby=\"heading_lqd-1698955592229-f854e1d6-e2b9\">\n                    <div class=\"accordion-content\">\n\t\t\t\t\t\t\n\t<div class=\"wpb_text_column wpb_content_element  fs18 lh22 gris ffLato fwRegular mb30\" >\n\t\t<div class=\"wpb_wrapper\">\n\t\t\t<p>Su oftalm\u00f3logo le har\u00e1 los siguientes ex\u00e1menes durante una evaluaci\u00f3n exhaustiva de glaucoma:<br \/>\n&#8211; Medici\u00f3n de la presi\u00f3n del ojo (tonometr\u00eda)<br \/>\n&#8211; Inspecci\u00f3n del \u00e1ngulo de drenaje del ojo (gonioscop\u00eda)<br \/>\n&#8211; Inspecci\u00f3n del nervio \u00f3ptico (oftalmoscopia, tomograf\u00eda OCT del nervio \u00f3ptico)<br \/>\n&#8211; Prueba de visi\u00f3n lateral o perif\u00e9rica (prueba de campo visual)<br \/>\n&#8211; Medici\u00f3n del grosor de la c\u00f3rnea (paquimetr\u00eda)<\/p>\n\n\t\t<\/div>\n\t<\/div>\n                    <\/div>\n                <\/div>\n            <\/div>\n\t\t\t<\/div><\/div><\/div><\/div><div class=\"wpb_column vc_column_container vc_col-sm-12 liquid-column-6a06d8a21421e\"><div class=\"vc_column-inner\" ><div class=\"wpb_wrapper\"  >\n\t<div class=\"wpb_raw_code wpb_content_element wpb_raw_html mb16\" >\n\t\t<div class=\"wpb_wrapper\">\n\t\t\t    <form role=\"search\" method=\"get\" class=\"buscadorPersonalizado\" action=\"https:\/\/desarrollo.mundolatente.com.ar\/en\/\" data-trp-original-action=\"https:\/\/desarrollo.mundolatente.com.ar\/en\/\">\n        <input type=\"search\" class=\"search-field\" placeholder=\"\" value=\"\" name=\"s\" \/>\n        <button type=\"submit\" class=\"search-submit\"><img decoding=\"async\" src=\"\/wp-content\/uploads\/2023\/11\/lupa.svg\" alt=\"imagenBuscador\"><\/button>\n    <input type=\"hidden\" name=\"trp-form-language\" value=\"en\"\/><\/form>\n    \n\t\t<\/div>\n\t<\/div>\n<div id=\"menu-especialidades\" class=\"vc_wp_custommenu wpb_content_element mb16\"><div class=\"widget widget_nav_menu\"><div class=\"menu-menu-especialidades-container\"><ul id=\"menu-menu-especialidades\" class=\"menu\"><li id=\"menu-item-547\" class=\"menu-item menu-item-type-post_type menu-item-object-page menu-item-547\"><a href=\"https:\/\/desarrollo.mundolatente.com.ar\/en\/refractiva-y-catarata\/\"><img decoding=\"async\" src=\"\/wp-content\/uploads\/2023\/11\/catarata-img.svg\"><span>Refractiva y Catarata<\/span><\/a><\/li>\n<li id=\"menu-item-619\" class=\"menu-item menu-item-type-post_type menu-item-object-page menu-item-619\"><a href=\"https:\/\/desarrollo.mundolatente.com.ar\/en\/retina\/\"><img decoding=\"async\" src=\"\/wp-content\/uploads\/2023\/11\/retina-img.svg\"><span>Retina<\/span><\/a><\/li>\n<li id=\"menu-item-618\" class=\"menu-item menu-item-type-post_type menu-item-object-page menu-item-618\"><a href=\"https:\/\/desarrollo.mundolatente.com.ar\/en\/cornea\/\"><img decoding=\"async\" src=\"\/wp-content\/uploads\/2023\/11\/cornea-img.svg\"><span>C\u00f3rnea<\/span><\/a><\/li>\n<li id=\"menu-item-617\" class=\"menu-item menu-item-type-post_type menu-item-object-page menu-item-617\"><a href=\"https:\/\/desarrollo.mundolatente.com.ar\/en\/glaucoma\/\"><img decoding=\"async\" src=\"\/wp-content\/uploads\/2023\/11\/glaucoma-img.svg\"><span>Glaucoma<\/span><\/a><\/li>\n<li id=\"menu-item-616\" class=\"menu-item menu-item-type-post_type menu-item-object-page menu-item-616\"><a href=\"https:\/\/desarrollo.mundolatente.com.ar\/en\/oculoplastia\/\"><img decoding=\"async\" src=\"\/wp-content\/uploads\/2023\/11\/oculoplastia-img.svg\"><span>Oculoplastia<\/span><\/a><\/li>\n<li id=\"menu-item-615\" class=\"menu-item menu-item-type-post_type menu-item-object-page menu-item-615\"><a href=\"https:\/\/desarrollo.mundolatente.com.ar\/en\/ojo-seco\/\"><img decoding=\"async\" src=\"\/wp-content\/uploads\/2023\/11\/ojos-secos-img.svg\"><span>Ojo Seco<\/span><\/a><\/li>\n<li id=\"menu-item-614\" class=\"menu-item menu-item-type-post_type menu-item-object-page menu-item-614\"><a href=\"https:\/\/desarrollo.mundolatente.com.ar\/en\/ninez-y-adolescencia\/\"><img decoding=\"async\" src=\"\/wp-content\/uploads\/2023\/11\/ninez-y-adolescencia-img.svg\"><span>Ni\u00f1ez y Adolescencia<\/span><\/a><\/li>\n<\/ul><\/div><\/div><\/div><a href=\"https:\/\/wa.me\/+5492615540755\" target=\"_blank\" class=\"btn btn-default text-uppercase btn-bordered border-thin btn-has-label mb0 boton-especialidades\" >\n\t<span>\n\t\t\n\t\t\t\t\t<span class=\"btn-txt\" data-text=\"SOLICIT\u00c1 TU TURNO\" >SOLICIT\u00c1 TU TURNO<\/span>\n\t\t\t\n\t<span class=\"btn-icon\"><i class=\"fas fa-angle-right\"><\/i><\/span>\t\t\t\t<\/span>\n<\/a>\n<\/div><\/div><\/div><\/div><\/div><\/section>","protected":false},"excerpt":{"rendered":"Glaucoma Este departamento est\u00e1 encargado de tratar el Glaucoma, que es cuando se presenta presi\u00f3n dentro del ojo y se eleva por encima de lo normal. Si bien hay muchas causas, lo m\u00e1s com\u00fan es que ocurra por una obstrucci\u00f3n de drenaje del humor acuoso: el l\u00edquido que se encuentra dentro del ojo y le [...]","protected":false},"author":1,"featured_media":481,"parent":0,"menu_order":0,"comment_status":"closed","ping_status":"closed","template":"","meta":{"footnotes":""},"class_list":["post-592","page","type-page","status-publish","has-post-thumbnail","hentry"],"yoast_head":"<!-- This site is optimized with the Yoast SEO plugin v23.1 - https:\/\/yoast.com\/wordpress\/plugins\/seo\/ -->\n<title>Glaucoma - Oftalmolog\u00eda Zaldivar<\/title>\n<meta name=\"robots\" content=\"noindex, follow, max-snippet:-1, max-image-preview:large, max-video-preview:-1\" \/>\n<meta property=\"og:locale\" content=\"en_GB\" \/>\n<meta property=\"og:type\" content=\"article\" \/>\n<meta property=\"og:title\" content=\"Glaucoma - Oftalmolog\u00eda Zaldivar\" \/>\n<meta property=\"og:url\" content=\"https:\/\/desarrollo.mundolatente.com.ar\/en\/glaucoma\/\" \/>\n<meta property=\"og:site_name\" content=\"Oftalmolog\u00eda Zaldivar\" \/>\n<meta property=\"article:modified_time\" content=\"2023-11-06T19:41:15+00:00\" \/>\n<meta property=\"og:image\" content=\"https:\/\/iz-imagenes.s3.amazonaws.com\/Web%20Zaldivar%202024\/wp-content\/uploads\/2023\/11\/24142556\/glaucoma-img.png\" \/>\n\t<meta property=\"og:image:width\" content=\"740\" \/>\n\t<meta property=\"og:image:height\" content=\"414\" \/>\n\t<meta property=\"og:image:type\" content=\"image\/png\" \/>\n<meta name=\"twitter:card\" content=\"summary_large_image\" \/>\n<meta name=\"twitter:label1\" content=\"Estimated reading time\" \/>\n\t<meta name=\"twitter:data1\" content=\"6 minutes\" \/>\n<script type=\"application\/ld+json\" class=\"yoast-schema-graph\">{\"@context\":\"https:\/\/schema.org\",\"@graph\":[{\"@type\":\"WebPage\",\"@id\":\"https:\/\/desarrollo.mundolatente.com.ar\/glaucoma\/\",\"url\":\"https:\/\/desarrollo.mundolatente.com.ar\/glaucoma\/\",\"name\":\"Glaucoma - Oftalmolog\u00eda Zaldivar\",\"isPartOf\":{\"@id\":\"https:\/\/desarrollo.mundolatente.com.ar\/#website\"},\"primaryImageOfPage\":{\"@id\":\"https:\/\/desarrollo.mundolatente.com.ar\/glaucoma\/#primaryimage\"},\"image\":{\"@id\":\"https:\/\/desarrollo.mundolatente.com.ar\/glaucoma\/#primaryimage\"},\"thumbnailUrl\":\"https:\/\/iz-imagenes.s3.amazonaws.com\/Web Zaldivar 2024\/wp-content\/uploads\/2023\/11\/24142556\/glaucoma-img.png\",\"datePublished\":\"2023-11-03T13:40:57+00:00\",\"dateModified\":\"2023-11-06T19:41:15+00:00\",\"breadcrumb\":{\"@id\":\"https:\/\/desarrollo.mundolatente.com.ar\/glaucoma\/#breadcrumb\"},\"inLanguage\":\"en-GB\",\"potentialAction\":[{\"@type\":\"ReadAction\",\"target\":[\"https:\/\/desarrollo.mundolatente.com.ar\/glaucoma\/\"]}]},{\"@type\":\"ImageObject\",\"inLanguage\":\"en-GB\",\"@id\":\"https:\/\/desarrollo.mundolatente.com.ar\/glaucoma\/#primaryimage\",\"url\":\"https:\/\/iz-imagenes.s3.amazonaws.com\/Web Zaldivar 2024\/wp-content\/uploads\/2023\/11\/24142556\/glaucoma-img.png\",\"contentUrl\":\"https:\/\/iz-imagenes.s3.amazonaws.com\/Web Zaldivar 2024\/wp-content\/uploads\/2023\/11\/24142556\/glaucoma-img.png\",\"width\":740,\"height\":414,\"caption\":\"Glaucoma\"},{\"@type\":\"BreadcrumbList\",\"@id\":\"https:\/\/desarrollo.mundolatente.com.ar\/glaucoma\/#breadcrumb\",\"itemListElement\":[{\"@type\":\"ListItem\",\"position\":1,\"name\":\"Portada\",\"item\":\"https:\/\/desarrollo.mundolatente.com.ar\/\"},{\"@type\":\"ListItem\",\"position\":2,\"name\":\"Glaucoma\"}]},{\"@type\":\"WebSite\",\"@id\":\"https:\/\/desarrollo.mundolatente.com.ar\/#website\",\"url\":\"https:\/\/desarrollo.mundolatente.com.ar\/\",\"name\":\"Oftalmolog\u00eda Zaldivar\",\"description\":\"\",\"potentialAction\":[{\"@type\":\"SearchAction\",\"target\":{\"@type\":\"EntryPoint\",\"urlTemplate\":\"https:\/\/desarrollo.mundolatente.com.ar\/?s={search_term_string}\"},\"query-input\":\"required name=search_term_string\"}],\"inLanguage\":\"en-GB\"}]}<\/script>\n<!-- \/ Yoast SEO plugin. -->","yoast_head_json":{"title":"Glaucoma - Oftalmolog\u00eda Zaldivar","robots":{"index":"noindex","follow":"follow","max-snippet":"max-snippet:-1","max-image-preview":"max-image-preview:large","max-video-preview":"max-video-preview:-1"},"og_locale":"en_GB","og_type":"article","og_title":"Glaucoma - Oftalmolog\u00eda Zaldivar","og_url":"https:\/\/desarrollo.mundolatente.com.ar\/en\/glaucoma\/","og_site_name":"Oftalmolog\u00eda Zaldivar","article_modified_time":"2023-11-06T19:41:15+00:00","og_image":[{"width":740,"height":414,"url":"https:\/\/iz-imagenes.s3.amazonaws.com\/Web Zaldivar 2024\/wp-content\/uploads\/2023\/11\/24142556\/glaucoma-img.png","type":"image\/png"}],"twitter_card":"summary_large_image","twitter_misc":{"Estimated reading time":"6 minutes"},"schema":{"@context":"https:\/\/schema.org","@graph":[{"@type":"WebPage","@id":"https:\/\/desarrollo.mundolatente.com.ar\/glaucoma\/","url":"https:\/\/desarrollo.mundolatente.com.ar\/glaucoma\/","name":"Glaucoma - Oftalmolog\u00eda Zaldivar","isPartOf":{"@id":"https:\/\/desarrollo.mundolatente.com.ar\/#website"},"primaryImageOfPage":{"@id":"https:\/\/desarrollo.mundolatente.com.ar\/glaucoma\/#primaryimage"},"image":{"@id":"https:\/\/desarrollo.mundolatente.com.ar\/glaucoma\/#primaryimage"},"thumbnailUrl":"https:\/\/iz-imagenes.s3.amazonaws.com\/Web Zaldivar 2024\/wp-content\/uploads\/2023\/11\/24142556\/glaucoma-img.png","datePublished":"2023-11-03T13:40:57+00:00","dateModified":"2023-11-06T19:41:15+00:00","breadcrumb":{"@id":"https:\/\/desarrollo.mundolatente.com.ar\/glaucoma\/#breadcrumb"},"inLanguage":"en-GB","potentialAction":[{"@type":"ReadAction","target":["https:\/\/desarrollo.mundolatente.com.ar\/glaucoma\/"]}]},{"@type":"ImageObject","inLanguage":"en-GB","@id":"https:\/\/desarrollo.mundolatente.com.ar\/glaucoma\/#primaryimage","url":"https:\/\/iz-imagenes.s3.amazonaws.com\/Web Zaldivar 2024\/wp-content\/uploads\/2023\/11\/24142556\/glaucoma-img.png","contentUrl":"https:\/\/iz-imagenes.s3.amazonaws.com\/Web Zaldivar 2024\/wp-content\/uploads\/2023\/11\/24142556\/glaucoma-img.png","width":740,"height":414,"caption":"Glaucoma"},{"@type":"BreadcrumbList","@id":"https:\/\/desarrollo.mundolatente.com.ar\/glaucoma\/#breadcrumb","itemListElement":[{"@type":"ListItem","position":1,"name":"Portada","item":"https:\/\/desarrollo.mundolatente.com.ar\/"},{"@type":"ListItem","position":2,"name":"Glaucoma"}]},{"@type":"WebSite","@id":"https:\/\/desarrollo.mundolatente.com.ar\/#website","url":"https:\/\/desarrollo.mundolatente.com.ar\/","name":"Oftalmolog\u00eda Zaldivar","description":"","potentialAction":[{"@type":"SearchAction","target":{"@type":"EntryPoint","urlTemplate":"https:\/\/desarrollo.mundolatente.com.ar\/?s={search_term_string}"},"query-input":"required name=search_term_string"}],"inLanguage":"en-GB"}]}},"_links":{"self":[{"href":"https:\/\/desarrollo.mundolatente.com.ar\/en\/wp-json\/wp\/v2\/pages\/592","targetHints":{"allow":["GET"]}}],"collection":[{"href":"https:\/\/desarrollo.mundolatente.com.ar\/en\/wp-json\/wp\/v2\/pages"}],"about":[{"href":"https:\/\/desarrollo.mundolatente.com.ar\/en\/wp-json\/wp\/v2\/types\/page"}],"author":[{"embeddable":true,"href":"https:\/\/desarrollo.mundolatente.com.ar\/en\/wp-json\/wp\/v2\/users\/1"}],"replies":[{"embeddable":true,"href":"https:\/\/desarrollo.mundolatente.com.ar\/en\/wp-json\/wp\/v2\/comments?post=592"}],"version-history":[{"count":3,"href":"https:\/\/desarrollo.mundolatente.com.ar\/en\/wp-json\/wp\/v2\/pages\/592\/revisions"}],"predecessor-version":[{"id":708,"href":"https:\/\/desarrollo.mundolatente.com.ar\/en\/wp-json\/wp\/v2\/pages\/592\/revisions\/708"}],"wp:featuredmedia":[{"embeddable":true,"href":"https:\/\/desarrollo.mundolatente.com.ar\/en\/wp-json\/wp\/v2\/media\/481"}],"wp:attachment":[{"href":"https:\/\/desarrollo.mundolatente.com.ar\/en\/wp-json\/wp\/v2\/media?parent=592"}],"curies":[{"name":"wp","href":"https:\/\/api.w.org\/{rel}","templated":true}]}}