{"id":602,"date":"2023-11-03T10:45:38","date_gmt":"2023-11-03T13:45:38","guid":{"rendered":"https:\/\/zaldivar.thtdev.site\/?page_id=602"},"modified":"2023-11-03T13:50:12","modified_gmt":"2023-11-03T16:50:12","slug":"oculoplastia","status":"publish","type":"page","link":"https:\/\/desarrollo.mundolatente.com.ar\/en\/oculoplastia\/","title":{"rendered":"Oculoplastia"},"content":{"rendered":"<section id=\"seccion-especialidades\" class=\"vc_row liquid-row-shadowbox-6a04953ed669a\"><div class=\"ld-container container\"><div class=\"row ld-row ld-row-outer\"><div class=\"wpb_column vc_column_container vc_col-sm-12 liquid-column-6a04953ed6e72\"><div class=\"vc_column-inner\" ><div class=\"wpb_wrapper\"  >\n\t<div class=\"wpb_text_column wpb_content_element  fs70 lhNormal azul ffLato fwBlack mb30\" >\n\t\t<div class=\"wpb_wrapper\">\n\t\t\tOculoplastia\n\n\t\t<\/div>\n\t<\/div>\n\n\t<div  class=\"wpb_single_image wpb_content_element vc_align_   mb15 liquid_vc_single_image-6a04953ed85d3\">\n\t\t\n\t\t<figure class=\"wpb_wrapper vc_figure\">\n\t\t\t<div class=\"vc_single_image-wrapper    vc_custom_1699019056076\"><img decoding=\"async\" width=\"740\" height=\"414\" src=\"https:\/\/iz-imagenes.s3.amazonaws.com\/Web Zaldivar 2024\/wp-content\/uploads\/2023\/11\/24142614\/oculoplastia-img.png\" class=\"vc_single_image-img attachment-full\" alt=\"Oculoplastia\" title=\"oculoplastia-img\" srcset=\"https:\/\/iz-imagenes.s3.amazonaws.com\/Web%20Zaldivar%202024\/wp-content\/uploads\/2023\/11\/24142614\/oculoplastia-img.png 740w, https:\/\/iz-imagenes.s3.amazonaws.com\/Web%20Zaldivar%202024\/wp-content\/uploads\/2023\/11\/24142614\/oculoplastia-img-300x168.png 300w, https:\/\/iz-imagenes.s3.amazonaws.com\/Web%20Zaldivar%202024\/wp-content\/uploads\/2023\/11\/24142614\/oculoplastia-img-18x10.png 18w\" sizes=\"(max-width: 740px) 100vw, 740px\" itemprop=\"image\" \/><\/div>\n\t\t<\/figure>\n\t<\/div>\n\n\t<div class=\"wpb_text_column wpb_content_element  fs18 lh22 gris ffLato fwBold mb55\" >\n\t\t<div class=\"wpb_wrapper\">\n\t\t\t<p>Departamento especializado en tratamientos y cirug\u00eda pl\u00e1stica que renuevan la mirada.<\/p>\n\n\t\t<\/div>\n\t<\/div>\n<style>.acordeonEspecialidades .accordion-content{background:rgb(255, 255, 255);}.acordeonEspecialidades .accordion-title a{background:rgb(255, 255, 255);}.acordeonEspecialidades .accordion-item.active .accordion-title a{background:rgb(255, 255, 255);}<\/style><div class=\"accordion accordion-sm accordion-active-has-fill accordion-content-has-fill acordeonEspecialidades\" id=\"acordeonEspecialidades\"\n     role=\"tablist\" aria-multiselectable=\"true\">\n\n\t            <div class=\"accordion-item panel\">\n\n                <div class=\"accordion-heading\" role=\"tab\" id=\"heading_lqd-1698932665251-01fa443a-73e0\" data-id=\"lqd-1698932665251-01fa443a-73e0\">\n                    <p class=\"accordion-title\" data-controls=\"lqd-1698932665251-01fa443a-73e0\" tabindex=\"-1\">\n                        <a tabindex=\"0\" class=\"collapsed\" data-toggle=\"collapse\"  data-bs-toggle=\"collapse\"\n                           data-parent=\"#acordeonEspecialidades\" data-bs-parent=\"#acordeonEspecialidades\" href=\"#lqd-1698932665251-01fa443a-73e0\" data-bs-target=\"#lqd-1698932665251-01fa443a-73e0\"\n                           aria-expanded=\"false\" aria-controls=\"lqd-1698932665251-01fa443a-73e0\">\n\n\t\t\t\t\t\t\t\n\t\t\t\t\t\t\t\u00bfQU\u00c9 ES LA OCULOPLASTIA?\n\t\t\t\t\t\t\t                                <span class=\"accordion-expander\">\n\t\t\t\t\t\t\t\t\t\t\t\t\t\t\t\t\t\t\t<i class=\"fas fa-angle-down\"><\/i>\n\t\t\t\t\t\t\t\t\t\n\t\t\t\t\t\t\t\t\t\t\t\t\t\t\t\t\t\t\t<i class=\"fas fa-angle-up\"><\/i>\n\t\t\t\t\t\t\t\t\t\t\t\t\t\t\t\t\t<\/span>\n\t\t\t\t\t\t\t\n                        <\/a>\n\n                    <\/p>\n                <\/div>\n\n                <div id=\"lqd-1698932665251-01fa443a-73e0\" class=\"accordion-collapse collapse\"\n                    data-bs-parent=\"#acordeonEspecialidades\" role=\"tabpanel\" aria-labelledby=\"heading_lqd-1698932665251-01fa443a-73e0\">\n                    <div class=\"accordion-content\">\n\t\t\t\t\t\t\n\t<div class=\"wpb_text_column wpb_content_element  fs18 lh22 gris ffLato fwRegular mb30\" >\n\t\t<div class=\"wpb_wrapper\">\n\t\t\t<p>Departamento especializado en tratamientos y cirug\u00eda pl\u00e1stica que renuevan la mirada.<\/p>\n\n\t\t<\/div>\n\t<\/div>\n                    <\/div>\n                <\/div>\n            <\/div>\n\t\t\t<\/div><\/div><\/div><\/div><div class=\"wpb_column vc_column_container vc_col-sm-12 liquid-column-6a04953ed92ab\"><div class=\"vc_column-inner\" ><div class=\"wpb_wrapper\"  >\n\t<div class=\"wpb_raw_code wpb_content_element wpb_raw_html mb16\" >\n\t\t<div class=\"wpb_wrapper\">\n\t\t\t    <form role=\"search\" method=\"get\" class=\"buscadorPersonalizado\" action=\"https:\/\/desarrollo.mundolatente.com.ar\/en\/\" data-trp-original-action=\"https:\/\/desarrollo.mundolatente.com.ar\/en\/\">\n        <input type=\"search\" class=\"search-field\" placeholder=\"\" value=\"\" name=\"s\" \/>\n        <button type=\"submit\" class=\"search-submit\"><img decoding=\"async\" src=\"\/wp-content\/uploads\/2023\/11\/lupa.svg\" alt=\"imagenBuscador\"><\/button>\n    <input type=\"hidden\" name=\"trp-form-language\" value=\"en\"\/><\/form>\n    \n\t\t<\/div>\n\t<\/div>\n<div id=\"menu-especialidades\" class=\"vc_wp_custommenu wpb_content_element mb16\"><div class=\"widget widget_nav_menu\"><div class=\"menu-menu-especialidades-container\"><ul id=\"menu-menu-especialidades\" class=\"menu\"><li id=\"menu-item-547\" class=\"menu-item menu-item-type-post_type menu-item-object-page menu-item-547\"><a href=\"https:\/\/desarrollo.mundolatente.com.ar\/en\/refractiva-y-catarata\/\"><img decoding=\"async\" src=\"\/wp-content\/uploads\/2023\/11\/catarata-img.svg\"><span>Refractiva y Catarata<\/span><\/a><\/li>\n<li id=\"menu-item-619\" class=\"menu-item menu-item-type-post_type menu-item-object-page menu-item-619\"><a href=\"https:\/\/desarrollo.mundolatente.com.ar\/en\/retina\/\"><img decoding=\"async\" src=\"\/wp-content\/uploads\/2023\/11\/retina-img.svg\"><span>Retina<\/span><\/a><\/li>\n<li id=\"menu-item-618\" class=\"menu-item menu-item-type-post_type menu-item-object-page menu-item-618\"><a href=\"https:\/\/desarrollo.mundolatente.com.ar\/en\/cornea\/\"><img decoding=\"async\" src=\"\/wp-content\/uploads\/2023\/11\/cornea-img.svg\"><span>C\u00f3rnea<\/span><\/a><\/li>\n<li id=\"menu-item-617\" class=\"menu-item menu-item-type-post_type menu-item-object-page menu-item-617\"><a href=\"https:\/\/desarrollo.mundolatente.com.ar\/en\/glaucoma\/\"><img decoding=\"async\" src=\"\/wp-content\/uploads\/2023\/11\/glaucoma-img.svg\"><span>Glaucoma<\/span><\/a><\/li>\n<li id=\"menu-item-616\" class=\"menu-item menu-item-type-post_type menu-item-object-page menu-item-616\"><a href=\"https:\/\/desarrollo.mundolatente.com.ar\/en\/oculoplastia\/\"><img decoding=\"async\" src=\"\/wp-content\/uploads\/2023\/11\/oculoplastia-img.svg\"><span>Oculoplastia<\/span><\/a><\/li>\n<li id=\"menu-item-615\" class=\"menu-item menu-item-type-post_type menu-item-object-page menu-item-615\"><a href=\"https:\/\/desarrollo.mundolatente.com.ar\/en\/ojo-seco\/\"><img decoding=\"async\" src=\"\/wp-content\/uploads\/2023\/11\/ojos-secos-img.svg\"><span>Ojo Seco<\/span><\/a><\/li>\n<li id=\"menu-item-614\" class=\"menu-item menu-item-type-post_type menu-item-object-page menu-item-614\"><a href=\"https:\/\/desarrollo.mundolatente.com.ar\/en\/ninez-y-adolescencia\/\"><img decoding=\"async\" src=\"\/wp-content\/uploads\/2023\/11\/ninez-y-adolescencia-img.svg\"><span>Ni\u00f1ez y Adolescencia<\/span><\/a><\/li>\n<\/ul><\/div><\/div><\/div><a href=\"https:\/\/wa.me\/+5492615540755\" target=\"_blank\" class=\"btn btn-default text-uppercase btn-bordered border-thin btn-has-label mb0 boton-especialidades\" >\n\t<span>\n\t\t\n\t\t\t\t\t<span class=\"btn-txt\" data-text=\"SOLICIT\u00c1 TU TURNO\" >SOLICIT\u00c1 TU TURNO<\/span>\n\t\t\t\n\t<span class=\"btn-icon\"><i class=\"fas fa-angle-right\"><\/i><\/span>\t\t\t\t<\/span>\n<\/a>\n<\/div><\/div><\/div><\/div><\/div><\/section>","protected":false},"excerpt":{"rendered":"Oculoplastia Departamento especializado en tratamientos y cirug\u00eda pl\u00e1stica que renuevan la mirada. \u00bfQU\u00c9 ES LA OCULOPLASTIA? Departamento especializado en tratamientos y cirug\u00eda pl\u00e1stica que renuevan la mirada. Refractiva y Catarata Retina C\u00f3rnea Glaucoma Oculoplastia Ojo Seco Ni\u00f1ez y Adolescencia SOLICIT\u00c1 TU TURNO","protected":false},"author":1,"featured_media":469,"parent":0,"menu_order":0,"comment_status":"closed","ping_status":"closed","template":"","meta":{"footnotes":""},"class_list":["post-602","page","type-page","status-publish","has-post-thumbnail","hentry"],"yoast_head":"<!-- This site is optimized with the Yoast SEO plugin v23.1 - https:\/\/yoast.com\/wordpress\/plugins\/seo\/ -->\n<title>Oculoplastia - Oftalmolog\u00eda Zaldivar<\/title>\n<meta name=\"robots\" content=\"noindex, follow, max-snippet:-1, max-image-preview:large, max-video-preview:-1\" \/>\n<meta property=\"og:locale\" content=\"en_GB\" \/>\n<meta property=\"og:type\" content=\"article\" \/>\n<meta property=\"og:title\" content=\"Oculoplastia - Oftalmolog\u00eda Zaldivar\" \/>\n<meta property=\"og:url\" content=\"https:\/\/desarrollo.mundolatente.com.ar\/en\/oculoplastia\/\" \/>\n<meta property=\"og:site_name\" content=\"Oftalmolog\u00eda Zaldivar\" \/>\n<meta property=\"article:modified_time\" content=\"2023-11-03T16:50:12+00:00\" \/>\n<meta property=\"og:image\" content=\"https:\/\/iz-imagenes.s3.amazonaws.com\/Web%20Zaldivar%202024\/wp-content\/uploads\/2023\/11\/24142614\/oculoplastia-img.png\" \/>\n\t<meta property=\"og:image:width\" content=\"740\" \/>\n\t<meta property=\"og:image:height\" content=\"414\" \/>\n\t<meta property=\"og:image:type\" content=\"image\/png\" \/>\n<meta name=\"twitter:card\" content=\"summary_large_image\" \/>\n<meta name=\"twitter:label1\" content=\"Estimated reading time\" \/>\n\t<meta name=\"twitter:data1\" content=\"1 minute\" \/>\n<script type=\"application\/ld+json\" class=\"yoast-schema-graph\">{\"@context\":\"https:\/\/schema.org\",\"@graph\":[{\"@type\":\"WebPage\",\"@id\":\"https:\/\/desarrollo.mundolatente.com.ar\/oculoplastia\/\",\"url\":\"https:\/\/desarrollo.mundolatente.com.ar\/oculoplastia\/\",\"name\":\"Oculoplastia - Oftalmolog\u00eda Zaldivar\",\"isPartOf\":{\"@id\":\"https:\/\/desarrollo.mundolatente.com.ar\/#website\"},\"primaryImageOfPage\":{\"@id\":\"https:\/\/desarrollo.mundolatente.com.ar\/oculoplastia\/#primaryimage\"},\"image\":{\"@id\":\"https:\/\/desarrollo.mundolatente.com.ar\/oculoplastia\/#primaryimage\"},\"thumbnailUrl\":\"https:\/\/iz-imagenes.s3.amazonaws.com\/Web Zaldivar 2024\/wp-content\/uploads\/2023\/11\/24142614\/oculoplastia-img.png\",\"datePublished\":\"2023-11-03T13:45:38+00:00\",\"dateModified\":\"2023-11-03T16:50:12+00:00\",\"breadcrumb\":{\"@id\":\"https:\/\/desarrollo.mundolatente.com.ar\/oculoplastia\/#breadcrumb\"},\"inLanguage\":\"en-GB\",\"potentialAction\":[{\"@type\":\"ReadAction\",\"target\":[\"https:\/\/desarrollo.mundolatente.com.ar\/oculoplastia\/\"]}]},{\"@type\":\"ImageObject\",\"inLanguage\":\"en-GB\",\"@id\":\"https:\/\/desarrollo.mundolatente.com.ar\/oculoplastia\/#primaryimage\",\"url\":\"https:\/\/iz-imagenes.s3.amazonaws.com\/Web Zaldivar 2024\/wp-content\/uploads\/2023\/11\/24142614\/oculoplastia-img.png\",\"contentUrl\":\"https:\/\/iz-imagenes.s3.amazonaws.com\/Web Zaldivar 2024\/wp-content\/uploads\/2023\/11\/24142614\/oculoplastia-img.png\",\"width\":740,\"height\":414,\"caption\":\"Oculoplastia\"},{\"@type\":\"BreadcrumbList\",\"@id\":\"https:\/\/desarrollo.mundolatente.com.ar\/oculoplastia\/#breadcrumb\",\"itemListElement\":[{\"@type\":\"ListItem\",\"position\":1,\"name\":\"Portada\",\"item\":\"https:\/\/desarrollo.mundolatente.com.ar\/\"},{\"@type\":\"ListItem\",\"position\":2,\"name\":\"Oculoplastia\"}]},{\"@type\":\"WebSite\",\"@id\":\"https:\/\/desarrollo.mundolatente.com.ar\/#website\",\"url\":\"https:\/\/desarrollo.mundolatente.com.ar\/\",\"name\":\"Oftalmolog\u00eda Zaldivar\",\"description\":\"\",\"potentialAction\":[{\"@type\":\"SearchAction\",\"target\":{\"@type\":\"EntryPoint\",\"urlTemplate\":\"https:\/\/desarrollo.mundolatente.com.ar\/?s={search_term_string}\"},\"query-input\":\"required name=search_term_string\"}],\"inLanguage\":\"en-GB\"}]}<\/script>\n<!-- \/ Yoast SEO plugin. -->","yoast_head_json":{"title":"Oculoplastia - Oftalmolog\u00eda Zaldivar","robots":{"index":"noindex","follow":"follow","max-snippet":"max-snippet:-1","max-image-preview":"max-image-preview:large","max-video-preview":"max-video-preview:-1"},"og_locale":"en_GB","og_type":"article","og_title":"Oculoplastia - Oftalmolog\u00eda Zaldivar","og_url":"https:\/\/desarrollo.mundolatente.com.ar\/en\/oculoplastia\/","og_site_name":"Oftalmolog\u00eda Zaldivar","article_modified_time":"2023-11-03T16:50:12+00:00","og_image":[{"width":740,"height":414,"url":"https:\/\/iz-imagenes.s3.amazonaws.com\/Web Zaldivar 2024\/wp-content\/uploads\/2023\/11\/24142614\/oculoplastia-img.png","type":"image\/png"}],"twitter_card":"summary_large_image","twitter_misc":{"Estimated reading time":"1 minute"},"schema":{"@context":"https:\/\/schema.org","@graph":[{"@type":"WebPage","@id":"https:\/\/desarrollo.mundolatente.com.ar\/oculoplastia\/","url":"https:\/\/desarrollo.mundolatente.com.ar\/oculoplastia\/","name":"Oculoplastia - Oftalmolog\u00eda Zaldivar","isPartOf":{"@id":"https:\/\/desarrollo.mundolatente.com.ar\/#website"},"primaryImageOfPage":{"@id":"https:\/\/desarrollo.mundolatente.com.ar\/oculoplastia\/#primaryimage"},"image":{"@id":"https:\/\/desarrollo.mundolatente.com.ar\/oculoplastia\/#primaryimage"},"thumbnailUrl":"https:\/\/iz-imagenes.s3.amazonaws.com\/Web Zaldivar 2024\/wp-content\/uploads\/2023\/11\/24142614\/oculoplastia-img.png","datePublished":"2023-11-03T13:45:38+00:00","dateModified":"2023-11-03T16:50:12+00:00","breadcrumb":{"@id":"https:\/\/desarrollo.mundolatente.com.ar\/oculoplastia\/#breadcrumb"},"inLanguage":"en-GB","potentialAction":[{"@type":"ReadAction","target":["https:\/\/desarrollo.mundolatente.com.ar\/oculoplastia\/"]}]},{"@type":"ImageObject","inLanguage":"en-GB","@id":"https:\/\/desarrollo.mundolatente.com.ar\/oculoplastia\/#primaryimage","url":"https:\/\/iz-imagenes.s3.amazonaws.com\/Web Zaldivar 2024\/wp-content\/uploads\/2023\/11\/24142614\/oculoplastia-img.png","contentUrl":"https:\/\/iz-imagenes.s3.amazonaws.com\/Web Zaldivar 2024\/wp-content\/uploads\/2023\/11\/24142614\/oculoplastia-img.png","width":740,"height":414,"caption":"Oculoplastia"},{"@type":"BreadcrumbList","@id":"https:\/\/desarrollo.mundolatente.com.ar\/oculoplastia\/#breadcrumb","itemListElement":[{"@type":"ListItem","position":1,"name":"Portada","item":"https:\/\/desarrollo.mundolatente.com.ar\/"},{"@type":"ListItem","position":2,"name":"Oculoplastia"}]},{"@type":"WebSite","@id":"https:\/\/desarrollo.mundolatente.com.ar\/#website","url":"https:\/\/desarrollo.mundolatente.com.ar\/","name":"Oftalmolog\u00eda Zaldivar","description":"","potentialAction":[{"@type":"SearchAction","target":{"@type":"EntryPoint","urlTemplate":"https:\/\/desarrollo.mundolatente.com.ar\/?s={search_term_string}"},"query-input":"required name=search_term_string"}],"inLanguage":"en-GB"}]}},"_links":{"self":[{"href":"https:\/\/desarrollo.mundolatente.com.ar\/en\/wp-json\/wp\/v2\/pages\/602","targetHints":{"allow":["GET"]}}],"collection":[{"href":"https:\/\/desarrollo.mundolatente.com.ar\/en\/wp-json\/wp\/v2\/pages"}],"about":[{"href":"https:\/\/desarrollo.mundolatente.com.ar\/en\/wp-json\/wp\/v2\/types\/page"}],"author":[{"embeddable":true,"href":"https:\/\/desarrollo.mundolatente.com.ar\/en\/wp-json\/wp\/v2\/users\/1"}],"replies":[{"embeddable":true,"href":"https:\/\/desarrollo.mundolatente.com.ar\/en\/wp-json\/wp\/v2\/comments?post=602"}],"version-history":[{"count":1,"href":"https:\/\/desarrollo.mundolatente.com.ar\/en\/wp-json\/wp\/v2\/pages\/602\/revisions"}],"predecessor-version":[{"id":604,"href":"https:\/\/desarrollo.mundolatente.com.ar\/en\/wp-json\/wp\/v2\/pages\/602\/revisions\/604"}],"wp:featuredmedia":[{"embeddable":true,"href":"https:\/\/desarrollo.mundolatente.com.ar\/en\/wp-json\/wp\/v2\/media\/469"}],"wp:attachment":[{"href":"https:\/\/desarrollo.mundolatente.com.ar\/en\/wp-json\/wp\/v2\/media?parent=602"}],"curies":[{"name":"wp","href":"https:\/\/api.w.org\/{rel}","templated":true}]}}