{"id":606,"date":"2023-11-03T10:50:17","date_gmt":"2023-11-03T13:50:17","guid":{"rendered":"https:\/\/zaldivar.thtdev.site\/?page_id=606"},"modified":"2023-11-06T16:43:24","modified_gmt":"2023-11-06T19:43:24","slug":"ojo-seco","status":"publish","type":"page","link":"https:\/\/desarrollo.mundolatente.com.ar\/en\/ojo-seco\/","title":{"rendered":"Ojo Seco"},"content":{"rendered":"<section id=\"seccion-especialidades\" class=\"vc_row liquid-row-shadowbox-6a04949331c89\"><div class=\"ld-container container\"><div class=\"row ld-row ld-row-outer\"><div class=\"wpb_column vc_column_container vc_col-sm-12 liquid-column-6a0494933271f\"><div class=\"vc_column-inner\" ><div class=\"wpb_wrapper\"  >\n\t<div class=\"wpb_text_column wpb_content_element  fs70 lhNormal azul ffLato fwBlack mb30\" >\n\t\t<div class=\"wpb_wrapper\">\n\t\t\tOjo Seco\n\n\t\t<\/div>\n\t<\/div>\n\n\t<div  class=\"wpb_single_image wpb_content_element vc_align_   mb15 liquid_vc_single_image-6a04949333e92\">\n\t\t\n\t\t<figure class=\"wpb_wrapper vc_figure\">\n\t\t\t<div class=\"vc_single_image-wrapper    vc_custom_1699019266832\"><img decoding=\"async\" width=\"740\" height=\"414\" src=\"https:\/\/iz-imagenes.s3.amazonaws.com\/Web Zaldivar 2024\/wp-content\/uploads\/2023\/11\/24142612\/ojo-seco-img.png\" class=\"vc_single_image-img attachment-full\" alt=\"Ojo seco\" title=\"ojo-seco-img\" srcset=\"https:\/\/iz-imagenes.s3.amazonaws.com\/Web%20Zaldivar%202024\/wp-content\/uploads\/2023\/11\/24142612\/ojo-seco-img.png 740w, https:\/\/iz-imagenes.s3.amazonaws.com\/Web%20Zaldivar%202024\/wp-content\/uploads\/2023\/11\/24142612\/ojo-seco-img-300x168.png 300w, https:\/\/iz-imagenes.s3.amazonaws.com\/Web%20Zaldivar%202024\/wp-content\/uploads\/2023\/11\/24142612\/ojo-seco-img-18x10.png 18w\" sizes=\"(max-width: 740px) 100vw, 740px\" itemprop=\"image\" \/><\/div>\n\t\t<\/figure>\n\t<\/div>\n\n\t<div class=\"wpb_text_column wpb_content_element  fs18 lh22 gris ffLato fwBold mb55\" >\n\t\t<div class=\"wpb_wrapper\">\n\t\t\t<p>El t\u00e9rmino \u201cojo seco\u201d se aplica para definir aquellas circunstancias en las que existe una mala lubricaci\u00f3n del ojo que afecta al conjunto denominado superficie ocular: p\u00e1rpados, pel\u00edcula lagrimal, conjuntiva y c\u00f3rnea. El t\u00e9rmino engloba tanto situaciones de baja cantidad de l\u00e1grima, mala calidad, como exceso de evaporaci\u00f3n de la misma.<\/p>\n\n\t\t<\/div>\n\t<\/div>\n<style>.acordeonEspecialidades .accordion-content{background:rgb(255, 255, 255);}.acordeonEspecialidades .accordion-title a{background:rgb(255, 255, 255);}.acordeonEspecialidades .accordion-item.active .accordion-title a{background:rgb(255, 255, 255);}<\/style><div class=\"accordion accordion-sm accordion-active-has-fill accordion-content-has-fill acordeonEspecialidades\" id=\"acordeonEspecialidades\"\n     role=\"tablist\" aria-multiselectable=\"true\">\n\n\t            <div class=\"accordion-item panel\">\n\n                <div class=\"accordion-heading\" role=\"tab\" id=\"heading_lqd-1698932665251-01fa443a-73e0\" data-id=\"lqd-1698932665251-01fa443a-73e0\">\n                    <p class=\"accordion-title\" data-controls=\"lqd-1698932665251-01fa443a-73e0\" tabindex=\"-1\">\n                        <a tabindex=\"0\" class=\"collapsed\" data-toggle=\"collapse\"  data-bs-toggle=\"collapse\"\n                           data-parent=\"#acordeonEspecialidades\" data-bs-parent=\"#acordeonEspecialidades\" href=\"#lqd-1698932665251-01fa443a-73e0\" data-bs-target=\"#lqd-1698932665251-01fa443a-73e0\"\n                           aria-expanded=\"false\" aria-controls=\"lqd-1698932665251-01fa443a-73e0\">\n\n\t\t\t\t\t\t\t\n\t\t\t\t\t\t\t\u00bfQU\u00c9 ES EL OJO SECO?\n\t\t\t\t\t\t\t                                <span class=\"accordion-expander\">\n\t\t\t\t\t\t\t\t\t\t\t\t\t\t\t\t\t\t\t<i class=\"fas fa-angle-down\"><\/i>\n\t\t\t\t\t\t\t\t\t\n\t\t\t\t\t\t\t\t\t\t\t\t\t\t\t\t\t\t\t<i class=\"fas fa-angle-up\"><\/i>\n\t\t\t\t\t\t\t\t\t\t\t\t\t\t\t\t\t<\/span>\n\t\t\t\t\t\t\t\n                        <\/a>\n\n                    <\/p>\n                <\/div>\n\n                <div id=\"lqd-1698932665251-01fa443a-73e0\" class=\"accordion-collapse collapse\"\n                    data-bs-parent=\"#acordeonEspecialidades\" role=\"tabpanel\" aria-labelledby=\"heading_lqd-1698932665251-01fa443a-73e0\">\n                    <div class=\"accordion-content\">\n\t\t\t\t\t\t\n\t<div class=\"wpb_text_column wpb_content_element  fs18 lh22 gris ffLato fwRegular mb30\" >\n\t\t<div class=\"wpb_wrapper\">\n\t\t\t<p>El t\u00e9rmino \u201cojo seco\u201d se aplica para definir aquellas circunstancias en las que existe una mala lubricaci\u00f3n del ojo que afecta a la unidad funcional denominada superficie ocular: p\u00e1rpados, pel\u00edcula lagrimal, conjuntiva y c\u00f3rnea. El t\u00e9rmino engloba tanto situaciones de poca cantidad de l\u00e1grima, mala calidad o exceso en la evaporaci\u00f3n de la misma.<\/p>\n\n\t\t<\/div>\n\t<\/div>\n\n\t<div class=\"wpb_text_column wpb_content_element  fs18 lh22 subrayado azul ffLato fwBold mb30\" >\n\t\t<div class=\"wpb_wrapper\">\n\t\t\t<p>Tratamientos<\/p>\n\n\t\t<\/div>\n\t<\/div>\n\n\t<div class=\"wpb_raw_code wpb_content_element wpb_raw_html\" >\n\t\t<div class=\"wpb_wrapper\">\n\t\t\t<div class=\"contenedor-tratamientos\">\n    <a href=\"\" class=\"fs18 lh22 azul ffLato fwRegular mb0\">IPL (Intense Pulsed Light)<\/a>\n<\/div>\n\t\t<\/div>\n\t<\/div>\n                    <\/div>\n                <\/div>\n            <\/div>\n\t\t\t            <div class=\"accordion-item panel\">\n\n                <div class=\"accordion-heading\" role=\"tab\" id=\"heading_lqd-1698955519080-89af02ab-39a0\" data-id=\"lqd-1698955519080-89af02ab-39a0\">\n                    <p class=\"accordion-title\" data-controls=\"lqd-1698955519080-89af02ab-39a0\" tabindex=\"-1\">\n                        <a tabindex=\"0\" class=\"collapsed\" data-toggle=\"collapse\"  data-bs-toggle=\"collapse\"\n                           data-parent=\"#acordeonEspecialidades\" data-bs-parent=\"#acordeonEspecialidades\" href=\"#lqd-1698955519080-89af02ab-39a0\" data-bs-target=\"#lqd-1698955519080-89af02ab-39a0\"\n                           aria-expanded=\"false\" aria-controls=\"lqd-1698955519080-89af02ab-39a0\">\n\n\t\t\t\t\t\t\t\n\t\t\t\t\t\t\tS\u00cdNTOMAS\n\t\t\t\t\t\t\t                                <span class=\"accordion-expander\">\n\t\t\t\t\t\t\t\t\t\t\t\t\t\t\t\t\t\t\t<i class=\"fas fa-angle-down\"><\/i>\n\t\t\t\t\t\t\t\t\t\n\t\t\t\t\t\t\t\t\t\t\t\t\t\t\t\t\t\t\t<i class=\"fas fa-angle-up\"><\/i>\n\t\t\t\t\t\t\t\t\t\t\t\t\t\t\t\t\t<\/span>\n\t\t\t\t\t\t\t\n                        <\/a>\n\n                    <\/p>\n                <\/div>\n\n                <div id=\"lqd-1698955519080-89af02ab-39a0\" class=\"accordion-collapse collapse\"\n                    data-bs-parent=\"#acordeonEspecialidades\" role=\"tabpanel\" aria-labelledby=\"heading_lqd-1698955519080-89af02ab-39a0\">\n                    <div class=\"accordion-content\">\n\t\t\t\t\t\t\n\t<div class=\"wpb_text_column wpb_content_element  fs18 lh22 gris ffLato fwRegular mb30\" >\n\t\t<div class=\"wpb_wrapper\">\n\t\t\t<p>Los s\u00edntomas que puede percibir una persona con ojo seco son muy diversos, entre los que podemos mencionar el enrojecimiento ocular, ardor, irritaci\u00f3n, sensaci\u00f3n de arenilla, cansancio ocular, visi\u00f3n borrosa, incomodidad con las lentes de contacto y, aunque suene parad\u00f3jico, lagrimeo, ya que el ojo provoca una secreci\u00f3n refleja ante una irritaci\u00f3n.<\/p>\n\n\t\t<\/div>\n\t<\/div>\n                    <\/div>\n                <\/div>\n            <\/div>\n\t\t\t            <div class=\"accordion-item panel\">\n\n                <div class=\"accordion-heading\" role=\"tab\" id=\"heading_lqd-1698955546843-2584b112-432b\" data-id=\"lqd-1698955546843-2584b112-432b\">\n                    <p class=\"accordion-title\" data-controls=\"lqd-1698955546843-2584b112-432b\" tabindex=\"-1\">\n                        <a tabindex=\"0\" class=\"collapsed\" data-toggle=\"collapse\"  data-bs-toggle=\"collapse\"\n                           data-parent=\"#acordeonEspecialidades\" data-bs-parent=\"#acordeonEspecialidades\" href=\"#lqd-1698955546843-2584b112-432b\" data-bs-target=\"#lqd-1698955546843-2584b112-432b\"\n                           aria-expanded=\"false\" aria-controls=\"lqd-1698955546843-2584b112-432b\">\n\n\t\t\t\t\t\t\t\n\t\t\t\t\t\t\tCAUSAS DE OJO SECO\n\t\t\t\t\t\t\t                                <span class=\"accordion-expander\">\n\t\t\t\t\t\t\t\t\t\t\t\t\t\t\t\t\t\t\t<i class=\"fas fa-angle-down\"><\/i>\n\t\t\t\t\t\t\t\t\t\n\t\t\t\t\t\t\t\t\t\t\t\t\t\t\t\t\t\t\t<i class=\"fas fa-angle-up\"><\/i>\n\t\t\t\t\t\t\t\t\t\t\t\t\t\t\t\t\t<\/span>\n\t\t\t\t\t\t\t\n                        <\/a>\n\n                    <\/p>\n                <\/div>\n\n                <div id=\"lqd-1698955546843-2584b112-432b\" class=\"accordion-collapse collapse\"\n                    data-bs-parent=\"#acordeonEspecialidades\" role=\"tabpanel\" aria-labelledby=\"heading_lqd-1698955546843-2584b112-432b\">\n                    <div class=\"accordion-content\">\n\t\t\t\t\t\t\n\t<div class=\"wpb_text_column wpb_content_element  fs18 lh22 gris ffLato fwRegular mb30\" >\n\t\t<div class=\"wpb_wrapper\">\n\t\t\t<p>Mala calidad de las l\u00e1grimas o disminuci\u00f3n de la producci\u00f3n de l\u00e1grimas. La mujer tiene mayor probabilidad de desarrollar el ojo seco por razones hormonales vinculadas a la menopausia y el uso de anticonceptivos orales. El medio ambiente incide con fuerza para sentir este malestar, como por ejemplo los espacios con mucha calefacci\u00f3n o excesivamente refrigerados, los lugares cerrados, el humo de cigarrillo, el smog, el clima seco, las zonas de mucho sol, o mucho viento, la contaminaci\u00f3n ambiental, y el no parpadear de manera regular, constituyen condiciones nocivas que deterioran la calidad de nuestras l\u00e1grimas. La ingesta de ciertos medicamentos, ya que hay f\u00e1rmacos que disminuyen la capacidad natural del organismo para producir l\u00e1grimas. El uso durante a\u00f1os, o de muchas horas diarias, de lentes de contacto. Alguna de enfermedad asociada, como Lupus, Artritis Reumatoidea, S\u00edndrome de Sj\u00f6gren, Ros\u00e1cea o Blefaritis, o alteraciones anat\u00f3micas de los p\u00e1rpados.<\/p>\n\n\t\t<\/div>\n\t<\/div>\n                    <\/div>\n                <\/div>\n            <\/div>\n\t\t\t            <div class=\"accordion-item panel\">\n\n                <div class=\"accordion-heading\" role=\"tab\" id=\"heading_lqd-1698955592229-f854e1d6-e2b9\" data-id=\"lqd-1698955592229-f854e1d6-e2b9\">\n                    <p class=\"accordion-title\" data-controls=\"lqd-1698955592229-f854e1d6-e2b9\" tabindex=\"-1\">\n                        <a tabindex=\"0\" class=\"collapsed\" data-toggle=\"collapse\"  data-bs-toggle=\"collapse\"\n                           data-parent=\"#acordeonEspecialidades\" data-bs-parent=\"#acordeonEspecialidades\" href=\"#lqd-1698955592229-f854e1d6-e2b9\" data-bs-target=\"#lqd-1698955592229-f854e1d6-e2b9\"\n                           aria-expanded=\"false\" aria-controls=\"lqd-1698955592229-f854e1d6-e2b9\">\n\n\t\t\t\t\t\t\t\n\t\t\t\t\t\t\tDIAGN\u00d3STICO\n\t\t\t\t\t\t\t                                <span class=\"accordion-expander\">\n\t\t\t\t\t\t\t\t\t\t\t\t\t\t\t\t\t\t\t<i class=\"fas fa-angle-down\"><\/i>\n\t\t\t\t\t\t\t\t\t\n\t\t\t\t\t\t\t\t\t\t\t\t\t\t\t\t\t\t\t<i class=\"fas fa-angle-up\"><\/i>\n\t\t\t\t\t\t\t\t\t\t\t\t\t\t\t\t\t<\/span>\n\t\t\t\t\t\t\t\n                        <\/a>\n\n                    <\/p>\n                <\/div>\n\n                <div id=\"lqd-1698955592229-f854e1d6-e2b9\" class=\"accordion-collapse collapse\"\n                    data-bs-parent=\"#acordeonEspecialidades\" role=\"tabpanel\" aria-labelledby=\"heading_lqd-1698955592229-f854e1d6-e2b9\">\n                    <div class=\"accordion-content\">\n\t\t\t\t\t\t\n\t<div class=\"wpb_text_column wpb_content_element  fs18 lh22 gris ffLato fwRegular mb30\" >\n\t\t<div class=\"wpb_wrapper\">\n\t\t\t<p>El oftalm\u00f3logo, mediante un buen interrogatorio y ex\u00e1menes espec\u00edficos, puede diagnosticar s\u00edndrome de ojo seco mediante el uso de pruebas para medir la producci\u00f3n y la calidad de las l\u00e1grimas. Un examen llamado prueba de Schirmer requiere la colocaci\u00f3n de un filtro de tiras de papel debajo del p\u00e1rpado inferior para medir la tasa de producci\u00f3n de la l\u00e1grima. Otra forma en que su oftalm\u00f3logo puede diagnosticar el ojo seco, es utilizando gotas especiales de colorante en el ojo para evaluar el tiempo de ruptura del film lagrimal y ciertos patrones de coloraci\u00f3n que muestren cualquier da\u00f1o en la superficie de la c\u00f3rnea. Se puede realizar tambi\u00e9n test de osmolaridad de la l\u00e1grima donde se mide contracci\u00f3n de sales que tiene la misma. A su vez existen equipos de alta complejidad tecnol\u00f3gica, donde se puede medir la calidad \u00f3ptica con patrones de disfunci\u00f3n lagrimal y el estudio anat\u00f3mico de las gl\u00e1ndulas de meibomio, mediante fotos infrarrojas.&#8221;<\/p>\n\n\t\t<\/div>\n\t<\/div>\n                    <\/div>\n                <\/div>\n            <\/div>\n\t\t\t<\/div><\/div><\/div><\/div><div class=\"wpb_column vc_column_container vc_col-sm-12 liquid-column-6a04949335255\"><div class=\"vc_column-inner\" ><div class=\"wpb_wrapper\"  >\n\t<div class=\"wpb_raw_code wpb_content_element wpb_raw_html mb16\" >\n\t\t<div class=\"wpb_wrapper\">\n\t\t\t    <form role=\"search\" method=\"get\" class=\"buscadorPersonalizado\" action=\"https:\/\/desarrollo.mundolatente.com.ar\/en\/\" data-trp-original-action=\"https:\/\/desarrollo.mundolatente.com.ar\/en\/\">\n        <input type=\"search\" class=\"search-field\" placeholder=\"\" value=\"\" name=\"s\" \/>\n        <button type=\"submit\" class=\"search-submit\"><img decoding=\"async\" src=\"\/wp-content\/uploads\/2023\/11\/lupa.svg\" alt=\"imagenBuscador\"><\/button>\n    <input type=\"hidden\" name=\"trp-form-language\" value=\"en\"\/><\/form>\n    \n\t\t<\/div>\n\t<\/div>\n<div id=\"menu-especialidades\" class=\"vc_wp_custommenu wpb_content_element mb16\"><div class=\"widget widget_nav_menu\"><div class=\"menu-menu-especialidades-container\"><ul id=\"menu-menu-especialidades\" class=\"menu\"><li id=\"menu-item-547\" class=\"menu-item menu-item-type-post_type menu-item-object-page menu-item-547\"><a href=\"https:\/\/desarrollo.mundolatente.com.ar\/en\/refractiva-y-catarata\/\"><img decoding=\"async\" src=\"\/wp-content\/uploads\/2023\/11\/catarata-img.svg\"><span>Refractiva y Catarata<\/span><\/a><\/li>\n<li id=\"menu-item-619\" class=\"menu-item menu-item-type-post_type menu-item-object-page menu-item-619\"><a href=\"https:\/\/desarrollo.mundolatente.com.ar\/en\/retina\/\"><img decoding=\"async\" src=\"\/wp-content\/uploads\/2023\/11\/retina-img.svg\"><span>Retina<\/span><\/a><\/li>\n<li id=\"menu-item-618\" class=\"menu-item menu-item-type-post_type menu-item-object-page menu-item-618\"><a href=\"https:\/\/desarrollo.mundolatente.com.ar\/en\/cornea\/\"><img decoding=\"async\" src=\"\/wp-content\/uploads\/2023\/11\/cornea-img.svg\"><span>C\u00f3rnea<\/span><\/a><\/li>\n<li id=\"menu-item-617\" class=\"menu-item menu-item-type-post_type menu-item-object-page menu-item-617\"><a href=\"https:\/\/desarrollo.mundolatente.com.ar\/en\/glaucoma\/\"><img decoding=\"async\" src=\"\/wp-content\/uploads\/2023\/11\/glaucoma-img.svg\"><span>Glaucoma<\/span><\/a><\/li>\n<li id=\"menu-item-616\" class=\"menu-item menu-item-type-post_type menu-item-object-page menu-item-616\"><a href=\"https:\/\/desarrollo.mundolatente.com.ar\/en\/oculoplastia\/\"><img decoding=\"async\" src=\"\/wp-content\/uploads\/2023\/11\/oculoplastia-img.svg\"><span>Oculoplastia<\/span><\/a><\/li>\n<li id=\"menu-item-615\" class=\"menu-item menu-item-type-post_type menu-item-object-page menu-item-615\"><a href=\"https:\/\/desarrollo.mundolatente.com.ar\/en\/ojo-seco\/\"><img decoding=\"async\" src=\"\/wp-content\/uploads\/2023\/11\/ojos-secos-img.svg\"><span>Ojo Seco<\/span><\/a><\/li>\n<li id=\"menu-item-614\" class=\"menu-item menu-item-type-post_type menu-item-object-page menu-item-614\"><a href=\"https:\/\/desarrollo.mundolatente.com.ar\/en\/ninez-y-adolescencia\/\"><img decoding=\"async\" src=\"\/wp-content\/uploads\/2023\/11\/ninez-y-adolescencia-img.svg\"><span>Ni\u00f1ez y Adolescencia<\/span><\/a><\/li>\n<\/ul><\/div><\/div><\/div><a href=\"https:\/\/wa.me\/+5492615540755\" target=\"_blank\" class=\"btn btn-default text-uppercase btn-bordered border-thin btn-has-label mb0 boton-especialidades\" >\n\t<span>\n\t\t\n\t\t\t\t\t<span class=\"btn-txt\" data-text=\"SOLICIT\u00c1 TU TURNO\" >SOLICIT\u00c1 TU TURNO<\/span>\n\t\t\t\n\t<span class=\"btn-icon\"><i class=\"fas fa-angle-right\"><\/i><\/span>\t\t\t\t<\/span>\n<\/a>\n<\/div><\/div><\/div><\/div><\/div><\/section>","protected":false},"excerpt":{"rendered":"Ojo Seco El t\u00e9rmino \u201cojo seco\u201d se aplica para definir aquellas circunstancias en las que existe una mala lubricaci\u00f3n del ojo que afecta al conjunto denominado superficie ocular: p\u00e1rpados, pel\u00edcula lagrimal, conjuntiva y c\u00f3rnea. El t\u00e9rmino engloba tanto situaciones de baja cantidad de l\u00e1grima, mala calidad, como exceso de evaporaci\u00f3n de la misma. \u00bfQU\u00c9 ES [...]","protected":false},"author":1,"featured_media":471,"parent":0,"menu_order":0,"comment_status":"closed","ping_status":"closed","template":"","meta":{"footnotes":""},"class_list":["post-606","page","type-page","status-publish","has-post-thumbnail","hentry"],"yoast_head":"<!-- This site is optimized with the Yoast SEO plugin v23.1 - https:\/\/yoast.com\/wordpress\/plugins\/seo\/ -->\n<title>Ojo Seco - Oftalmolog\u00eda Zaldivar<\/title>\n<meta name=\"robots\" content=\"noindex, follow, max-snippet:-1, max-image-preview:large, max-video-preview:-1\" \/>\n<meta property=\"og:locale\" content=\"en_GB\" \/>\n<meta property=\"og:type\" content=\"article\" \/>\n<meta property=\"og:title\" content=\"Ojo Seco - Oftalmolog\u00eda Zaldivar\" \/>\n<meta property=\"og:url\" content=\"https:\/\/desarrollo.mundolatente.com.ar\/en\/ojo-seco\/\" \/>\n<meta property=\"og:site_name\" content=\"Oftalmolog\u00eda Zaldivar\" \/>\n<meta property=\"article:modified_time\" content=\"2023-11-06T19:43:24+00:00\" \/>\n<meta property=\"og:image\" content=\"https:\/\/iz-imagenes.s3.amazonaws.com\/Web%20Zaldivar%202024\/wp-content\/uploads\/2023\/11\/24142612\/ojo-seco-img.png\" \/>\n\t<meta property=\"og:image:width\" content=\"740\" \/>\n\t<meta property=\"og:image:height\" content=\"414\" \/>\n\t<meta property=\"og:image:type\" content=\"image\/png\" \/>\n<meta name=\"twitter:card\" content=\"summary_large_image\" \/>\n<meta name=\"twitter:label1\" content=\"Estimated reading time\" \/>\n\t<meta name=\"twitter:data1\" content=\"4 minutes\" \/>\n<script type=\"application\/ld+json\" class=\"yoast-schema-graph\">{\"@context\":\"https:\/\/schema.org\",\"@graph\":[{\"@type\":\"WebPage\",\"@id\":\"https:\/\/desarrollo.mundolatente.com.ar\/ojo-seco\/\",\"url\":\"https:\/\/desarrollo.mundolatente.com.ar\/ojo-seco\/\",\"name\":\"Ojo Seco - Oftalmolog\u00eda Zaldivar\",\"isPartOf\":{\"@id\":\"https:\/\/desarrollo.mundolatente.com.ar\/#website\"},\"primaryImageOfPage\":{\"@id\":\"https:\/\/desarrollo.mundolatente.com.ar\/ojo-seco\/#primaryimage\"},\"image\":{\"@id\":\"https:\/\/desarrollo.mundolatente.com.ar\/ojo-seco\/#primaryimage\"},\"thumbnailUrl\":\"https:\/\/iz-imagenes.s3.amazonaws.com\/Web Zaldivar 2024\/wp-content\/uploads\/2023\/11\/24142612\/ojo-seco-img.png\",\"datePublished\":\"2023-11-03T13:50:17+00:00\",\"dateModified\":\"2023-11-06T19:43:24+00:00\",\"breadcrumb\":{\"@id\":\"https:\/\/desarrollo.mundolatente.com.ar\/ojo-seco\/#breadcrumb\"},\"inLanguage\":\"en-GB\",\"potentialAction\":[{\"@type\":\"ReadAction\",\"target\":[\"https:\/\/desarrollo.mundolatente.com.ar\/ojo-seco\/\"]}]},{\"@type\":\"ImageObject\",\"inLanguage\":\"en-GB\",\"@id\":\"https:\/\/desarrollo.mundolatente.com.ar\/ojo-seco\/#primaryimage\",\"url\":\"https:\/\/iz-imagenes.s3.amazonaws.com\/Web Zaldivar 2024\/wp-content\/uploads\/2023\/11\/24142612\/ojo-seco-img.png\",\"contentUrl\":\"https:\/\/iz-imagenes.s3.amazonaws.com\/Web Zaldivar 2024\/wp-content\/uploads\/2023\/11\/24142612\/ojo-seco-img.png\",\"width\":740,\"height\":414,\"caption\":\"Ojo seco\"},{\"@type\":\"BreadcrumbList\",\"@id\":\"https:\/\/desarrollo.mundolatente.com.ar\/ojo-seco\/#breadcrumb\",\"itemListElement\":[{\"@type\":\"ListItem\",\"position\":1,\"name\":\"Portada\",\"item\":\"https:\/\/desarrollo.mundolatente.com.ar\/\"},{\"@type\":\"ListItem\",\"position\":2,\"name\":\"Ojo Seco\"}]},{\"@type\":\"WebSite\",\"@id\":\"https:\/\/desarrollo.mundolatente.com.ar\/#website\",\"url\":\"https:\/\/desarrollo.mundolatente.com.ar\/\",\"name\":\"Oftalmolog\u00eda Zaldivar\",\"description\":\"\",\"potentialAction\":[{\"@type\":\"SearchAction\",\"target\":{\"@type\":\"EntryPoint\",\"urlTemplate\":\"https:\/\/desarrollo.mundolatente.com.ar\/?s={search_term_string}\"},\"query-input\":\"required name=search_term_string\"}],\"inLanguage\":\"en-GB\"}]}<\/script>\n<!-- \/ Yoast SEO plugin. -->","yoast_head_json":{"title":"Ojo Seco - Oftalmolog\u00eda Zaldivar","robots":{"index":"noindex","follow":"follow","max-snippet":"max-snippet:-1","max-image-preview":"max-image-preview:large","max-video-preview":"max-video-preview:-1"},"og_locale":"en_GB","og_type":"article","og_title":"Ojo Seco - Oftalmolog\u00eda Zaldivar","og_url":"https:\/\/desarrollo.mundolatente.com.ar\/en\/ojo-seco\/","og_site_name":"Oftalmolog\u00eda Zaldivar","article_modified_time":"2023-11-06T19:43:24+00:00","og_image":[{"width":740,"height":414,"url":"https:\/\/iz-imagenes.s3.amazonaws.com\/Web Zaldivar 2024\/wp-content\/uploads\/2023\/11\/24142612\/ojo-seco-img.png","type":"image\/png"}],"twitter_card":"summary_large_image","twitter_misc":{"Estimated reading time":"4 minutes"},"schema":{"@context":"https:\/\/schema.org","@graph":[{"@type":"WebPage","@id":"https:\/\/desarrollo.mundolatente.com.ar\/ojo-seco\/","url":"https:\/\/desarrollo.mundolatente.com.ar\/ojo-seco\/","name":"Ojo Seco - Oftalmolog\u00eda Zaldivar","isPartOf":{"@id":"https:\/\/desarrollo.mundolatente.com.ar\/#website"},"primaryImageOfPage":{"@id":"https:\/\/desarrollo.mundolatente.com.ar\/ojo-seco\/#primaryimage"},"image":{"@id":"https:\/\/desarrollo.mundolatente.com.ar\/ojo-seco\/#primaryimage"},"thumbnailUrl":"https:\/\/iz-imagenes.s3.amazonaws.com\/Web Zaldivar 2024\/wp-content\/uploads\/2023\/11\/24142612\/ojo-seco-img.png","datePublished":"2023-11-03T13:50:17+00:00","dateModified":"2023-11-06T19:43:24+00:00","breadcrumb":{"@id":"https:\/\/desarrollo.mundolatente.com.ar\/ojo-seco\/#breadcrumb"},"inLanguage":"en-GB","potentialAction":[{"@type":"ReadAction","target":["https:\/\/desarrollo.mundolatente.com.ar\/ojo-seco\/"]}]},{"@type":"ImageObject","inLanguage":"en-GB","@id":"https:\/\/desarrollo.mundolatente.com.ar\/ojo-seco\/#primaryimage","url":"https:\/\/iz-imagenes.s3.amazonaws.com\/Web Zaldivar 2024\/wp-content\/uploads\/2023\/11\/24142612\/ojo-seco-img.png","contentUrl":"https:\/\/iz-imagenes.s3.amazonaws.com\/Web Zaldivar 2024\/wp-content\/uploads\/2023\/11\/24142612\/ojo-seco-img.png","width":740,"height":414,"caption":"Ojo seco"},{"@type":"BreadcrumbList","@id":"https:\/\/desarrollo.mundolatente.com.ar\/ojo-seco\/#breadcrumb","itemListElement":[{"@type":"ListItem","position":1,"name":"Portada","item":"https:\/\/desarrollo.mundolatente.com.ar\/"},{"@type":"ListItem","position":2,"name":"Ojo Seco"}]},{"@type":"WebSite","@id":"https:\/\/desarrollo.mundolatente.com.ar\/#website","url":"https:\/\/desarrollo.mundolatente.com.ar\/","name":"Oftalmolog\u00eda Zaldivar","description":"","potentialAction":[{"@type":"SearchAction","target":{"@type":"EntryPoint","urlTemplate":"https:\/\/desarrollo.mundolatente.com.ar\/?s={search_term_string}"},"query-input":"required name=search_term_string"}],"inLanguage":"en-GB"}]}},"_links":{"self":[{"href":"https:\/\/desarrollo.mundolatente.com.ar\/en\/wp-json\/wp\/v2\/pages\/606","targetHints":{"allow":["GET"]}}],"collection":[{"href":"https:\/\/desarrollo.mundolatente.com.ar\/en\/wp-json\/wp\/v2\/pages"}],"about":[{"href":"https:\/\/desarrollo.mundolatente.com.ar\/en\/wp-json\/wp\/v2\/types\/page"}],"author":[{"embeddable":true,"href":"https:\/\/desarrollo.mundolatente.com.ar\/en\/wp-json\/wp\/v2\/users\/1"}],"replies":[{"embeddable":true,"href":"https:\/\/desarrollo.mundolatente.com.ar\/en\/wp-json\/wp\/v2\/comments?post=606"}],"version-history":[{"count":2,"href":"https:\/\/desarrollo.mundolatente.com.ar\/en\/wp-json\/wp\/v2\/pages\/606\/revisions"}],"predecessor-version":[{"id":709,"href":"https:\/\/desarrollo.mundolatente.com.ar\/en\/wp-json\/wp\/v2\/pages\/606\/revisions\/709"}],"wp:featuredmedia":[{"embeddable":true,"href":"https:\/\/desarrollo.mundolatente.com.ar\/en\/wp-json\/wp\/v2\/media\/471"}],"wp:attachment":[{"href":"https:\/\/desarrollo.mundolatente.com.ar\/en\/wp-json\/wp\/v2\/media?parent=606"}],"curies":[{"name":"wp","href":"https:\/\/api.w.org\/{rel}","templated":true}]}}